{"id":865,"date":"2025-09-12T09:06:35","date_gmt":"2025-09-12T09:06:35","guid":{"rendered":"https:\/\/ecstatic-swirles.31-170-100-185.plesk.page\/rechtlicher-hinweis\/"},"modified":"2025-09-22T08:25:38","modified_gmt":"2025-09-22T08:25:38","slug":"rechtlicher-hinweis","status":"publish","type":"page","link":"https:\/\/naranjasrico.com\/de\/rechtlicher-hinweis\/","title":{"rendered":"Rechtlicher Hinweis"},"content":{"rendered":"\t\t<div data-elementor-type=\"wp-page\" data-elementor-id=\"865\" class=\"elementor elementor-865 elementor-592\" data-elementor-post-type=\"page\">\n\t\t\t\t<div class=\"elementor-element elementor-element-f000b7b e-flex e-con-boxed e-con e-parent\" data-id=\"f000b7b\" data-element_type=\"container\" data-settings=\"{&quot;background_background&quot;:&quot;classic&quot;}\">\n\t\t\t\t\t<div class=\"e-con-inner\">\n\t\t\t\t<div class=\"elementor-element elementor-element-0364ee7 elementor-widget elementor-widget-heading\" data-id=\"0364ee7\" data-element_type=\"widget\" data-widget_type=\"heading.default\">\n\t\t\t\t<div class=\"elementor-widget-container\">\n\t\t\t\t\t<h1 class=\"elementor-heading-title elementor-size-default\">Rechtlicher Hinweis<\/h1>\t\t\t\t<\/div>\n\t\t\t\t<\/div>\n\t\t\t\t\t<\/div>\n\t\t\t\t<\/div>\n\t\t<div class=\"elementor-element elementor-element-9bb1485 e-flex e-con-boxed e-con e-parent\" data-id=\"9bb1485\" data-element_type=\"container\">\n\t\t\t\t\t<div class=\"e-con-inner\">\n\t\t\t\t<div class=\"elementor-element elementor-element-ee985c1 elementor-widget elementor-widget-text-editor\" data-id=\"ee985c1\" data-element_type=\"widget\" data-widget_type=\"text-editor.default\">\n\t\t\t\t<div class=\"elementor-widget-container\">\n\t\t\t\t\t\t\t\t\t\n<p><strong>RECHTLICHER HINWEIS<\/strong><\/p>\n<p>Firmenname: Rural Hermanos Gomis SL<br \/>Handelsname: Naranjas Rico<br \/>Eingetragener Firmensitz: Carretera Favara 35, 46400 Cullera (Valencia)<br \/>Steueridentifikationsnummer: B72733306<\/p>\n<p>Telefon: 600662837<br \/>E-Mail: rico@naranjasrico.com<br \/>Domainname: naranjasrico.com<\/p>\n<p><strong>ZWECK<\/strong><\/p>\n<p>Der f\u00fcr die Website verantwortliche Anbieter stellt den Nutzern dieses Dokument zur Verf\u00fcgung, um die Verpflichtungen des Gesetzes 34\/2002 \u00fcber Dienste der Informationsgesellschaft und elektronischen Handel (LSSI-CE) zu erf\u00fcllen und alle Nutzer der Website \u00fcber die Nutzungsbedingungen der Website zu informieren.<br \/>Jede Person, die auf diese Website zugreift, \u00fcbernimmt die Rolle des Nutzers und verpflichtet sich zur Einhaltung und strikten Befolgung der hierin dargelegten Bestimmungen sowie aller anderen geltenden gesetzlichen Bestimmungen.<br \/>Der Anbieter beh\u00e4lt sich das Recht vor, jegliche Art von Informationen, die auf der Website erscheinen, zu \u00e4ndern, ohne verpflichtet zu sein, dies vorher anzuk\u00fcndigen oder die Nutzer \u00fcber solche Verpflichtungen zu informieren; die Ver\u00f6ffentlichung auf der Website des Anbieters gilt als ausreichend.<\/p>\n<p><strong>Haftung<\/strong><\/p>\n<p>Der Anbieter lehnt jegliche Haftung f\u00fcr die auf seiner Website ver\u00f6ffentlichten Informationen ab, sofern diese von Dritten, die nicht der Anbieter sind, manipuliert oder eingegeben wurden.<br \/>Die Website des Anbieters kann Cookies (kleine Informationsdateien, die der Server an den Computer des Seitenbesuchers sendet) verwenden, um bestimmte Funktionen auszuf\u00fchren, die f\u00fcr das ordnungsgem\u00e4\u00dfe Funktionieren und die Anzeige der Website als wesentlich erachtet werden. Die auf der Website verwendeten Cookies sind in jedem Fall tempor\u00e4r und dienen ausschlie\u00dflich dazu, die sp\u00e4tere \u00dcbertragung effizienter zu gestalten. Sie verschwinden am Ende der Benutzersitzung. Cookies werden unter keinen Umst\u00e4nden zur Erfassung personenbezogener Daten verwendet.<br \/>Von der Website des Kunden k\u00f6nnen Sie auf Inhalte von Websites Dritter weitergeleitet werden. Da der Anbieter die von Dritten auf seinen Websites eingestellten Inhalte nicht immer kontrollieren kann, \u00fcbernimmt er keine Haftung f\u00fcr diese Inhalte. Der Anbieter erkl\u00e4rt in jedem Fall, dass er Inhalte, die gegen nationale oder internationale Gesetze, die guten Sitten oder die \u00f6ffentliche Ordnung versto\u00dfen, unverz\u00fcglich entfernen, die Weiterleitung auf die betreffende Website unverz\u00fcglich aufheben und die zust\u00e4ndigen Beh\u00f6rden \u00fcber die betreffenden Inhalte informieren wird.<br \/>Der Anbieter ist nicht verantwortlich f\u00fcr die gespeicherten Informationen und Inhalte, einschlie\u00dflich, aber nicht beschr\u00e4nkt auf Foren, Chatrooms, Blog-Generatoren, Kommentare, soziale Netzwerke oder andere Mittel, die es Dritten erm\u00f6glichen, selbstst\u00e4ndig Inhalte auf der Website des Anbieters zu ver\u00f6ffentlichen. In \u00dcbereinstimmung mit den Bestimmungen der Artikel 11 und 16 des LSSI-CE steht der Anbieter jedoch allen Nutzern, Beh\u00f6rden und Strafverfolgungsbeh\u00f6rden zur Verf\u00fcgung und wirkt aktiv an der Entfernung oder gegebenenfalls Sperrung aller Inhalte mit, die nationale oder internationale Gesetze, Rechte Dritter oder die Moral und \u00f6ffentliche Ordnung beeintr\u00e4chtigen oder verletzen k\u00f6nnten. Sollte der Nutzer der Meinung sein, dass die Website Inhalte enth\u00e4lt, die als solche eingestuft werden k\u00f6nnten, benachrichtigen Sie bitte umgehend den Website-Administrator.<\/p>\n<p>Diese Website wurde \u00fcberpr\u00fcft und getestet, um eine ordnungsgem\u00e4\u00dfe Funktion zu gew\u00e4hrleisten. Ihr ordnungsgem\u00e4\u00dfer Betrieb kann grunds\u00e4tzlich 365 Tage im Jahr, 24 Stunden am Tag gew\u00e4hrleistet werden. Der Anbieter schlie\u00dft jedoch die M\u00f6glichkeit bestimmter Programmierfehler oder das Auftreten h\u00f6herer Gewalt, Naturkatastrophen, Streiks oder \u00e4hnlicher Umst\u00e4nde nicht aus, die den Zugriff auf die Website unm\u00f6glich machen.<\/p>\n<p><strong>Schutz personenbezogener Daten<\/strong><\/p>\n<p>Der Anbieter verpflichtet sich zur Einhaltung der spanischen Datenschutzbestimmungen und garantiert die vollst\u00e4ndige Einhaltung der darin festgelegten Verpflichtungen sowie die Umsetzung der in Artikel 9 des Gesetzes 15\/1999 zum Schutz personenbezogener Daten (LOPD) und den Durchf\u00fchrungsbestimmungen des LOPD festgelegten Sicherheitsma\u00dfnahmen.<br \/>Der Anbieter stellt den Nutzern die Datenschutzerkl\u00e4rung zur Verf\u00fcgung und informiert sie \u00fcber folgende Aspekte:<\/p>\n<p>Daten des Verantwortlichen.<br \/>Verarbeitete Daten.<br \/>Datei, in der sie gespeichert werden.<br \/>Zweck der Verarbeitung.<br \/>Ob die Bereitstellung der Daten verpflichtend ist und welche Folgen eine Nichtbereitstellung hat.<br \/>\u00dcber die Rechte aller Nutzer und das Verfahren zu deren Aus\u00fcbung.<\/p>\n<p><strong>Geistiges und gewerbliches Eigentum<\/strong><\/p>\n<p>Die Website, einschlie\u00dflich, aber nicht beschr\u00e4nkt auf ihre Programmierung, Bearbeitung, Zusammenstellung und andere f\u00fcr ihren Betrieb erforderliche Elemente, sowie Designs, Logos, Texte und\/oder Grafiken, sind Eigentum des Anbieters oder gegebenenfalls lizenziert oder ausdr\u00fccklich von den Autoren genehmigt. Alle Inhalte der Website sind durch das Recht auf geistiges und gewerbliches Eigentum ordnungsgem\u00e4\u00df gesch\u00fctzt und in den entsprechenden \u00f6ffentlichen Registern eingetragen.<br \/>Unabh\u00e4ngig vom Zweck erfordert jede Vervielf\u00e4ltigung, Nutzung, Verwertung, Verbreitung und Vermarktung, ganz oder teilweise, stets die vorherige schriftliche Genehmigung des Anbieters. Jede nicht vorher autorisierte Nutzung wird als schwerwiegender Versto\u00df gegen die Rechte des geistigen oder gewerblichen Eigentums des Autors betrachtet.<br \/>Designs, Logos, Texte und\/oder Grafiken, die nicht zum Anbieter geh\u00f6ren und m\u00f6glicherweise auf der Website erscheinen, geh\u00f6ren ihren jeweiligen Eigent\u00fcmern, die f\u00fcr eventuelle Streitigkeiten verantwortlich sind. In jedem Fall verf\u00fcgt der Anbieter \u00fcber deren ausdr\u00fcckliche und vorherige Genehmigung. Der Anbieter erkennt zugunsten der jeweiligen Inhaber die entsprechenden Rechte des gewerblichen und geistigen Eigentums an. Allein die Erw\u00e4hnung oder das Erscheinen dieser Elemente auf der Website impliziert keinerlei Rechte oder Verantwortung des Anbieters in Bezug auf diese Elemente, noch bedeutet es eine Billigung, Unterst\u00fctzung oder Empfehlung durch ihn.<br \/>F\u00fcr jegliche Beobachtungen in Bezug auf m\u00f6gliche Verst\u00f6\u00dfe gegen die Rechte des geistigen oder gewerblichen Eigentums sowie auf Inhalte der Website k\u00f6nnen Sie uns \u00fcber die folgende E-Mail-Adresse kontaktieren.<\/p>\n<p><strong>Geltendes Recht und Gerichtsstand<\/strong><\/p>\n<p>F\u00fcr die Beilegung aller Streitigkeiten oder Fragen im Zusammenhang mit dieser Website oder den darauf durchgef\u00fchrten Aktivit\u00e4ten gilt spanisches Recht, dem sich die Parteien ausdr\u00fccklich unterwerfen. Die Gerichte von Cullera (Valencia) sind f\u00fcr die Beilegung aller Konflikte zust\u00e4ndig, die sich aus oder im Zusammenhang mit der Nutzung dieser Website ergeben.<\/p>\n\t\t\t\t\t\t\t\t<\/div>\n\t\t\t\t<\/div>\n\t\t\t\t\t<\/div>\n\t\t\t\t<\/div>\n\t\t\t\t<\/div>\n\t\t","protected":false},"excerpt":{"rendered":"<p>RECHTLICHER HINWEIS Firmenname: Rural Hermanos Gomis SLHandelsname: Naranjas RicoEingetragener Firmensitz: Carretera Favara 35, 46400 Cullera (Valencia)Steueridentifikationsnummer: B72733306 Telefon: 600662837E-Mail: rico@naranjasrico.comDomainname: naranjasrico.com ZWECK Der f\u00fcr die Website verantwortliche Anbieter stellt den Nutzern dieses Dokument zur Verf\u00fcgung, um die Verpflichtungen des Gesetzes 34\/2002 \u00fcber Dienste der Informationsgesellschaft und elektronischen Handel (LSSI-CE) zu erf\u00fcllen und alle Nutzer der [&hellip;]<\/p>\n","protected":false},"author":1,"featured_media":0,"parent":0,"menu_order":0,"comment_status":"closed","ping_status":"closed","template":"elementor_header_footer","meta":{"footnotes":""},"class_list":["post-865","page","type-page","status-publish","hentry"],"_links":{"self":[{"href":"https:\/\/naranjasrico.com\/de\/wp-json\/wp\/v2\/pages\/865","targetHints":{"allow":["GET"]}}],"collection":[{"href":"https:\/\/naranjasrico.com\/de\/wp-json\/wp\/v2\/pages"}],"about":[{"href":"https:\/\/naranjasrico.com\/de\/wp-json\/wp\/v2\/types\/page"}],"author":[{"embeddable":true,"href":"https:\/\/naranjasrico.com\/de\/wp-json\/wp\/v2\/users\/1"}],"replies":[{"embeddable":true,"href":"https:\/\/naranjasrico.com\/de\/wp-json\/wp\/v2\/comments?post=865"}],"version-history":[{"count":1,"href":"https:\/\/naranjasrico.com\/de\/wp-json\/wp\/v2\/pages\/865\/revisions"}],"predecessor-version":[{"id":866,"href":"https:\/\/naranjasrico.com\/de\/wp-json\/wp\/v2\/pages\/865\/revisions\/866"}],"wp:attachment":[{"href":"https:\/\/naranjasrico.com\/de\/wp-json\/wp\/v2\/media?parent=865"}],"curies":[{"name":"wp","href":"https:\/\/api.w.org\/{rel}","templated":true}]}}