{"id":867,"date":"2025-09-03T10:20:02","date_gmt":"2025-09-03T10:20:02","guid":{"rendered":"https:\/\/ecstatic-swirles.31-170-100-185.plesk.page\/nutzungs-und-kaufbedingungen\/"},"modified":"2025-09-22T08:27:47","modified_gmt":"2025-09-22T08:27:47","slug":"nutzungs-und-kaufbedingungen","status":"publish","type":"page","link":"https:\/\/naranjasrico.com\/de\/nutzungs-und-kaufbedingungen\/","title":{"rendered":"Nutzungs- und Kaufbedingungen"},"content":{"rendered":"\t\t<div data-elementor-type=\"wp-page\" data-elementor-id=\"867\" class=\"elementor elementor-867 elementor-398\" data-elementor-post-type=\"page\">\n\t\t\t\t<div class=\"elementor-element elementor-element-9232180 e-flex e-con-boxed e-con e-parent\" data-id=\"9232180\" data-element_type=\"container\" data-settings=\"{&quot;background_background&quot;:&quot;classic&quot;}\">\n\t\t\t\t\t<div class=\"e-con-inner\">\n\t\t\t\t<div class=\"elementor-element elementor-element-dd47919 elementor-widget elementor-widget-heading\" data-id=\"dd47919\" data-element_type=\"widget\" data-widget_type=\"heading.default\">\n\t\t\t\t<div class=\"elementor-widget-container\">\n\t\t\t\t\t<h1 class=\"elementor-heading-title elementor-size-default\">Nutzungs- und Kaufbedingungen<\/h1>\t\t\t\t<\/div>\n\t\t\t\t<\/div>\n\t\t\t\t\t<\/div>\n\t\t\t\t<\/div>\n\t\t<div class=\"elementor-element elementor-element-7c3b231e e-flex e-con-boxed e-con e-parent\" data-id=\"7c3b231e\" data-element_type=\"container\">\n\t\t\t\t\t<div class=\"e-con-inner\">\n\t\t\t\t<div class=\"elementor-element elementor-element-52b28d2e elementor-widget elementor-widget-text-editor\" data-id=\"52b28d2e\" data-element_type=\"widget\" data-widget_type=\"text-editor.default\">\n\t\t\t\t<div class=\"elementor-widget-container\">\n\t\t\t\t\t\t\t\t\t\n<p>Bitte beachten Sie, dass Sie vor der Nutzung unserer Dienste oder Funktionen diese Datenschutzrichtlinie sowie den entsprechenden Abschnitt \u00fcber die Nutzungs- und Kaufbedingungen sorgf\u00e4ltig lesen m\u00fcssen. Der Nutzer garantiert, dass die angegebenen personenbezogenen Daten wahr und korrekt sind, und verpflichtet sich, jede \u00c4nderung mitzuteilen. Wenn Sie uns personenbezogene Daten Dritter zur Verf\u00fcgung stellen, sind Sie daf\u00fcr verantwortlich, diese informiert und deren Einwilligung eingeholt zu haben, dam&#8230;\n<p>Die Verantwortlichen f\u00fcr die Datenverarbeitung verpflichten sich, die Vertraulichkeit Ihrer personenbezogenen Daten zu respektieren und die Aus\u00fcbung Ihrer Rechte zu gew\u00e4hrleisten. Durch die Nutzung dieser Website oder die Aufgabe einer Bestellung erkl\u00e4ren Sie sich mit diesen Bedingungen und unseren Datenschutzrichtlinien einverstanden. Die von Ihnen bereitgestellten Informationen oder personenbezogenen Daten werden gem\u00e4\u00df den Datenschutzrichtlinien verarbeitet.<br \/>Sie stimmen au\u00dferdem zu, dass wir dies&#8230;\n<p>Die L\u00e4nder, in die wir unsere Produkte versenden, sind: Spanien, Frankreich, Belgien, Deutschland, \u00d6sterreich, Niederlande, Italien, Luxemburg und Vereinigtes K\u00f6nigreich.<\/p>\n<p>F\u00fcr Lieferungen in Spanien <strong>werden die Orangen am Morgen nach der Auftragserteilung geerntet<\/strong> (au\u00dfer Bestellungen, die am Donnerstag, Freitag oder Samstag erfolgen; diese werden am darauffolgenden Montag geerntet) und sofort versandt. F\u00fcr Lieferungen in Europa werden die Orangen am Montagmorgen geern&#8230;\n<p>Sollten die Orangen aufgrund von Wetterbedingungen nicht zum geplanten Termin geerntet werden k\u00f6nnen, erfolgt die Ernte, sobald es die Bedingungen zulassen, am n\u00e4chsten Werktag. \u00dcber Lieferverz\u00f6gerungen werden wir Sie per E-Mail informieren. Der Spediteur wird Sie telefonisch kontaktieren, falls die Lieferung an die angegebene Adresse nicht m\u00f6glich ist, um einen neuen Termin zu vereinbaren.<\/p>\n<p>Sollten Sie die Bestellung in schlechtem Zustand erhalten, vermerken Sie dies bitte auf dem Lieferschein, m&#8230;\n<p>Der Preis der Produkte wird zum Zeitpunkt des Klicks auf \u201eBezahlen\u201c f\u00e4llig. F\u00fcr die Zahlung wird ein g\u00fcltiges Zahlungsmittel verlangt, wie Kreditkarte, Bankeinzug oder Paypal (in einigen F\u00e4llen).<\/p>\n<p>Mit dem Klick auf \u201eBezahlen\u201c best\u00e4tigen Sie, dass die angegebene Kreditkarte oder das Bankkonto Ihnen geh\u00f6rt oder dass Sie der rechtm\u00e4\u00dfige Inhaber sind. Um das Risiko eines unbefugten Zugriffs zu minimieren, werden Ihre Kreditkarten- und IBAN-Daten verschl\u00fcsselt. Kreditkarten und Bankkonten unterliege&#8230;\n\t\t\t\t\t\t\t\t<\/div>\n\t\t\t\t<\/div>\n\t\t\t\t\t<\/div>\n\t\t\t\t<\/div>\n\t\t\t\t<\/div>\n\t\t","protected":false},"excerpt":{"rendered":"<p>Bitte beachten Sie, dass Sie vor der Nutzung unserer Dienste oder Funktionen diese Datenschutzrichtlinie sowie den entsprechenden Abschnitt \u00fcber die Nutzungs- und Kaufbedingungen sorgf\u00e4ltig lesen m\u00fcssen. Der Nutzer garantiert, dass die angegebenen personenbezogenen Daten wahr und korrekt sind, und verpflichtet sich, jede \u00c4nderung mitzuteilen. Wenn Sie uns personenbezogene Daten Dritter zur Verf\u00fcgung stellen, sind Sie [&hellip;]<\/p>\n","protected":false},"author":1,"featured_media":0,"parent":0,"menu_order":0,"comment_status":"closed","ping_status":"closed","template":"elementor_header_footer","meta":{"footnotes":""},"class_list":["post-867","page","type-page","status-publish","hentry"],"_links":{"self":[{"href":"https:\/\/naranjasrico.com\/de\/wp-json\/wp\/v2\/pages\/867","targetHints":{"allow":["GET"]}}],"collection":[{"href":"https:\/\/naranjasrico.com\/de\/wp-json\/wp\/v2\/pages"}],"about":[{"href":"https:\/\/naranjasrico.com\/de\/wp-json\/wp\/v2\/types\/page"}],"author":[{"embeddable":true,"href":"https:\/\/naranjasrico.com\/de\/wp-json\/wp\/v2\/users\/1"}],"replies":[{"embeddable":true,"href":"https:\/\/naranjasrico.com\/de\/wp-json\/wp\/v2\/comments?post=867"}],"version-history":[{"count":1,"href":"https:\/\/naranjasrico.com\/de\/wp-json\/wp\/v2\/pages\/867\/revisions"}],"predecessor-version":[{"id":868,"href":"https:\/\/naranjasrico.com\/de\/wp-json\/wp\/v2\/pages\/867\/revisions\/868"}],"wp:attachment":[{"href":"https:\/\/naranjasrico.com\/de\/wp-json\/wp\/v2\/media?parent=867"}],"curies":[{"name":"wp","href":"https:\/\/api.w.org\/{rel}","templated":true}]}}