{"id":918,"date":"2025-09-12T09:27:52","date_gmt":"2025-09-12T09:27:52","guid":{"rendered":"https:\/\/ecstatic-swirles.31-170-100-185.plesk.page\/cookies\/"},"modified":"2025-11-14T13:02:21","modified_gmt":"2025-11-14T13:02:21","slug":"cookies","status":"publish","type":"page","link":"https:\/\/naranjasrico.com\/de\/cookies\/","title":{"rendered":"Cookies"},"content":{"rendered":"\t\t<div data-elementor-type=\"wp-page\" data-elementor-id=\"918\" class=\"elementor elementor-918 elementor-607\" data-elementor-post-type=\"page\">\n\t\t\t\t<div class=\"elementor-element elementor-element-d89bae3 e-flex e-con-boxed e-con e-parent\" data-id=\"d89bae3\" data-element_type=\"container\" data-settings=\"{&quot;background_background&quot;:&quot;classic&quot;}\">\n\t\t\t\t\t<div class=\"e-con-inner\">\n\t\t\t\t<div class=\"elementor-element elementor-element-c1dac89 elementor-widget elementor-widget-heading\" data-id=\"c1dac89\" data-element_type=\"widget\" data-widget_type=\"heading.default\">\n\t\t\t\t<div class=\"elementor-widget-container\">\n\t\t\t\t\t<h1 class=\"elementor-heading-title elementor-size-default\">Cookies<\/h1>\t\t\t\t<\/div>\n\t\t\t\t<\/div>\n\t\t\t\t\t<\/div>\n\t\t\t\t<\/div>\n\t\t<div class=\"elementor-element elementor-element-0aa6fd4 e-flex e-con-boxed e-con e-parent\" data-id=\"0aa6fd4\" data-element_type=\"container\">\n\t\t\t\t\t<div class=\"e-con-inner\">\n\t\t\t\t<div class=\"elementor-element elementor-element-852aa70 elementor-widget elementor-widget-text-editor\" data-id=\"852aa70\" data-element_type=\"widget\" data-widget_type=\"text-editor.default\">\n\t\t\t\t<div class=\"elementor-widget-container\">\n\t\t\t\t\t\t\t\t\t<p><strong>Verwendung von Cookies und Aktivit\u00e4tsdateien<\/strong><\/p><p>Der <strong>Anbieter<\/strong> kann selbst oder durch einen mit der Bereitstellung von Messdiensten beauftragten Drittanbieter Cookies verwenden, wenn ein Nutzer die Website besucht. Cookies sind Dateien, die \u00fcber einen Webserver an den Browser gesendet werden, um die Aktivit\u00e4ten des Nutzers w\u00e4hrend des Surfens aufzuzeichnen.     <\/p><p><strong>IP-ADRESSEN<\/strong><\/p><p>Die Server der Website k\u00f6nnen die vom Nutzer verwendete IP-Adresse und den Dom\u00e4nennamen automatisch erkennen. Eine IP-Adresse ist eine Nummer, die einem Computer automatisch zugewiesen wird, wenn er eine Verbindung zum Internet herstellt. Alle diese Informationen werden in einer ordnungsgem\u00e4\u00df registrierten Serveraktivit\u00e4tsdatei gespeichert. Dies erm\u00f6glicht die anschlie\u00dfende Verarbeitung der Daten zu rein statistischen Zwecken. So k\u00f6nnen wir die Anzahl der Seitenaufrufe, die Anzahl der Besuche der Webdienste, die Reihenfolge der Besuche, den Zugriffspunkt usw. ermitteln. <br>  <\/p><p><strong>SICHERHEIT<\/strong><\/p><p>Die Website verwendet branchen\u00fcbliche Sicherheitstechniken wie Firewalls, Zugriffskontrollverfahren und kryptografische Mechanismen, um unbefugten Zugriff auf Daten zu verhindern. Um diese Ziele zu erreichen, erkl\u00e4rt sich der Nutzer\/Kunde damit einverstanden, dass der Anbieter Daten zum Zwecke der entsprechenden Zugriffskontrollauthentifizierung erh\u00e4lt.<br><br>Alle Vertragsvorg\u00e4nge oder Vorg\u00e4nge, bei denen hochsensible personenbezogene Daten (Gesundheit, Weltanschauung usw.) eingegeben werden, werden stets \u00fcber ein sicheres Kommunikationsprotokoll (https:\/\/ usw.) \u00fcbertragen, sodass kein Dritter Zugriff auf die elektronisch \u00fcbermittelten Informationen hat. <\/p><p><\/p>\t\t\t\t\t\t\t\t<\/div>\n\t\t\t\t<\/div>\n\t\t\t\t\t<\/div>\n\t\t\t\t<\/div>\n\t\t\t\t<\/div>\n\t\t","protected":false},"excerpt":{"rendered":"<p>Verwendung von Cookies und Aktivit\u00e4tsdateien Der Anbieter kann selbst oder durch einen mit der Bereitstellung von Messdiensten beauftragten Drittanbieter Cookies verwenden, wenn ein Nutzer die Website besucht. Cookies sind Dateien, die \u00fcber einen Webserver an den Browser gesendet werden, um die Aktivit\u00e4ten des Nutzers w\u00e4hrend des Surfens aufzuzeichnen. IP-ADRESSEN Die Server der Website k\u00f6nnen die [&hellip;]<\/p>\n","protected":false},"author":1,"featured_media":0,"parent":0,"menu_order":0,"comment_status":"closed","ping_status":"closed","template":"elementor_header_footer","meta":{"footnotes":""},"class_list":["post-918","page","type-page","status-publish","hentry"],"_links":{"self":[{"href":"https:\/\/naranjasrico.com\/de\/wp-json\/wp\/v2\/pages\/918","targetHints":{"allow":["GET"]}}],"collection":[{"href":"https:\/\/naranjasrico.com\/de\/wp-json\/wp\/v2\/pages"}],"about":[{"href":"https:\/\/naranjasrico.com\/de\/wp-json\/wp\/v2\/types\/page"}],"author":[{"embeddable":true,"href":"https:\/\/naranjasrico.com\/de\/wp-json\/wp\/v2\/users\/1"}],"replies":[{"embeddable":true,"href":"https:\/\/naranjasrico.com\/de\/wp-json\/wp\/v2\/comments?post=918"}],"version-history":[{"count":1,"href":"https:\/\/naranjasrico.com\/de\/wp-json\/wp\/v2\/pages\/918\/revisions"}],"predecessor-version":[{"id":919,"href":"https:\/\/naranjasrico.com\/de\/wp-json\/wp\/v2\/pages\/918\/revisions\/919"}],"wp:attachment":[{"href":"https:\/\/naranjasrico.com\/de\/wp-json\/wp\/v2\/media?parent=918"}],"curies":[{"name":"wp","href":"https:\/\/api.w.org\/{rel}","templated":true}]}}