{"id":920,"date":"2025-06-19T11:22:55","date_gmt":"2025-06-19T11:22:55","guid":{"rendered":"https:\/\/ecstatic-swirles.31-170-100-185.plesk.page\/datenschutzerklaerung\/"},"modified":"2025-09-22T15:08:21","modified_gmt":"2025-09-22T15:08:21","slug":"datenschutzerklaerung","status":"publish","type":"page","link":"https:\/\/naranjasrico.com\/de\/datenschutzerklaerung\/","title":{"rendered":"DATENSCHUTZERKL\u00c4RUNG"},"content":{"rendered":"\t\t<div data-elementor-type=\"wp-page\" data-elementor-id=\"920\" class=\"elementor elementor-920 elementor-3\" data-elementor-post-type=\"page\">\n\t\t\t\t<div class=\"elementor-element elementor-element-fa2f2bd e-con-full e-flex e-con e-child\" data-id=\"fa2f2bd\" data-element_type=\"container\" data-settings=\"{&quot;background_background&quot;:&quot;classic&quot;}\">\n\t\t\t\t<div class=\"elementor-element elementor-element-acc42f9 elementor-widget elementor-widget-heading\" data-id=\"acc42f9\" data-element_type=\"widget\" data-widget_type=\"heading.default\">\n\t\t\t\t<div class=\"elementor-widget-container\">\n\t\t\t\t\t<h1 class=\"elementor-heading-title elementor-size-default\">DATENSCHUTZERKL\u00c4RUNG<\/h1>\t\t\t\t<\/div>\n\t\t\t\t<\/div>\n\t\t\t\t<\/div>\n\t\t<div class=\"elementor-element elementor-element-ad3aa91 e-flex e-con-boxed e-con e-parent\" data-id=\"ad3aa91\" data-element_type=\"container\">\n\t\t\t\t\t<div class=\"e-con-inner\">\n\t\t\t\t<div class=\"elementor-element elementor-element-5af3845 elementor-widget elementor-widget-text-editor\" data-id=\"5af3845\" data-element_type=\"widget\" data-widget_type=\"text-editor.default\">\n\t\t\t\t<div class=\"elementor-widget-container\">\n\t\t\t\t\t\t\t\t\t\n<p>Bitte beachten Sie, dass Sie diese Datenschutzrichtlinie sowie den entsprechenden Abschnitt zu den Nutzungs- und Kaufbedingungen lesen m\u00fcssen, bevor Sie unsere Dienste oder Funktionen nutzen.<br>Der Nutzer garantiert hiermit, dass die angegebenen personenbezogenen Daten wahrheitsgem\u00e4\u00df und richtig sind und verpflichtet sich, uns \u00fcber \u00c4nderungen oder Modifikationen zu informieren. Wenn Sie uns personenbezogene Daten von Dritten zur Verf\u00fcgung stellen, sind Sie daf\u00fcr verantwortlich, diese zu informieren und ihre Zustimmung zur Weitergabe der Daten f\u00fcr die in den entsprechenden Abschnitten dieser Datenschutzrichtlinie genannten Zwecke einzuholen. <\/p>\n\n<p>Die Verantwortlichen verpflichten sich, die Vertraulichkeit Ihrer personenbezogenen Daten zu wahren und die Aus\u00fcbung Ihrer Rechte zu gew\u00e4hrleisten.<\/p>\n\n<p>Die Verantwortlichen verpflichten sich, die Vertraulichkeit Ihrer personenbezogenen Daten zu wahren und die Aus\u00fcbung Ihrer Rechte zu gew\u00e4hrleisten. Durch die Nutzung dieser Website oder die Aufgabe einer Bestellung erkl\u00e4ren Sie sich mit diesen Allgemeinen Gesch\u00e4ftsbedingungen und unseren Datenschutzrichtlinien einverstanden. Die von Ihnen bereitgestellten Informationen oder personenbezogenen Daten werden gem\u00e4\u00df den Bestimmungen der Datenschutzrichtlinien verarbeitet. Sie erkl\u00e4ren sich au\u00dferdem damit einverstanden, dass wir diese Informationen verwenden, um Sie bei Bedarf zu kontaktieren.<\/p>\n\n<p>Sollten Sie feststellen, dass bei der Eingabe Ihrer personenbezogenen Daten w\u00e4hrend des Kaufvorgangs ein Fehler aufgetreten ist, kontaktieren Sie uns bitte unter rico@naranjasrico.com<\/p>\n\n<p>Wir versenden unsere Produkte in folgende L\u00e4nder: Spanien, Frankreich, Belgien, Deutschland, \u00d6sterreich, die Niederlande, Italien, Luxemburg und das Vereinigte K\u00f6nigreich.<\/p>\n\n<p>Innerhalb Spaniens versenden <strong>wir die Orangen am Montag nach Ihrer Bestellung.<\/strong><\/p>\n\n<p>Die voraussichtliche Lieferzeit betr\u00e4gt:<br>\u2013 Ein bis zwei Werktage f\u00fcr Spanien<br>\u2013 Drei bis vier Werktage f\u00fcr Frankreich<br>\u2013 Vier bis f\u00fcnf Werktage f\u00fcr Deutschland, \u00d6sterreich, Belgien, die Niederlande, Italien, Luxemburg und das Vereinigte K\u00f6nigreich.<\/p>\n\n<p>Sollten wir unsere Produkte aufgrund der Wetterbedingungen nicht zum geplanten Termin ernten k\u00f6nnen, werden sie zu einem sp\u00e4teren Zeitpunkt geerntet. \u00dcber etwaige Lieferverz\u00f6gerungen informieren wir Sie per E-Mail. <\/p>\n\n<p>Der Spediteur wird Sie telefonisch kontaktieren, falls die Bestellung nicht an die angegebene Adresse zugestellt werden kann, damit wir sie zu einem sp\u00e4teren Zeitpunkt zustellen k\u00f6nnen.<\/p>\n\n<p>Sollten Sie die Bestellung in schlechtem Zustand erhalten, vermerken Sie dies bitte auf dem Lieferschein des Spediteurs, machen Sie Fotos und senden Sie uns diese per E-Mail mit einer Beschreibung der festgestellten M\u00e4ngel. Sollten Sie weitere M\u00e4ngel feststellen, kontaktieren Sie uns bitte, wir bieten Ihnen eine L\u00f6sung an. <\/p>\n\n<p>Sollten Sie die Bestellung in schlechtem Zustand erhalten, vermerken Sollte Ihre Bestellung 15 Tage nach Lieferbereitschaft aus von uns nicht zu vertretenden Gr\u00fcnden nicht zugestellt werden k\u00f6nnen, verstehen wir dies als Ihren R\u00fccktritt vom Vertrag und betrachten ihn als gek\u00fcndigt.<\/p>\n\n<p>Si no va a estar en el lugar de entrega a la hora convenida, le rogamos que se ponga en contacto con la empresa de transportes para convenir la entrega en otro d\u00eda. En caso de que transcurridos 15 d\u00edas desde que su pedido est\u00e9 disponible para su entrega, el pedido no haya sido entregado por causa no imputable a nosotros, entenderemos que desea desistir del contrato y lo consideraremos resuelto. Como consecuencia de la resoluci\u00f3n del contrato, le devolveremos el importe de los productos descontando los costes log\u00edsticos de la entrega.  <\/p>\n\n<p>Der Kaufpreis wird Ihnen sofort nach dem Klick auf \u201eBezahlen\u201c in Rechnung gestellt. Sie werden aufgefordert, eine Zahlungsmethode anzugeben, entweder per Kreditkarte oder PayPal. <\/p>\n\n<p>Mit dem Klick auf \u201eBezahlen\u201c best\u00e4tigen Sie, dass die Kreditkarte Ihnen geh\u00f6rt bzw. Sie der rechtm\u00e4\u00dfige Inhaber sind.<br>Kreditkarten unterliegen der \u00dcberpr\u00fcfung und Autorisierung durch den Kartenaussteller. Wenn Sie die Zahlung nicht autorisieren, haften wir nicht f\u00fcr Verz\u00f6gerungen oder Nichtlieferungen und k\u00f6nnen keinen Vertrag mit Ihnen abschlie\u00dfen.Wenn Sie die Bestellung im Namen eines Unternehmens oder einer juristischen Person aufgeben, k\u00f6nnen Sie per E-Mail eine Rechnungs\u00e4nderung beantragen <\/p>\n\n<p>Wir haften nicht f\u00fcr die Nichterf\u00fcllung oder Verz\u00f6gerung der Erf\u00fcllung unserer Verpflichtungen aufgrund von Ereignissen au\u00dferhalb unserer Kontrolle (\u201eEreignis h\u00f6herer Gewalt\u201c). F\u00fcr die Dauer des Ereignisses h\u00f6herer Gewalt werden unsere Verpflichtungen ausgesetzt. Die Frist zur Erf\u00fcllung dieser Verpflichtungen wird uns um die Dauer des Ereignisses h\u00f6herer Gewalt verl\u00e4ngert. <\/p>\n\t\t\t\t\t\t\t\t<\/div>\n\t\t\t\t<\/div>\n\t\t\t\t\t<\/div>\n\t\t\t\t<\/div>\n\t\t\t\t<\/div>\n\t\t","protected":false},"excerpt":{"rendered":"<p>Bitte beachten Sie, dass Sie diese Datenschutzrichtlinie sowie den entsprechenden Abschnitt zu den Nutzungs- und Kaufbedingungen lesen m\u00fcssen, bevor Sie unsere Dienste oder Funktionen nutzen.Der Nutzer garantiert hiermit, dass die angegebenen personenbezogenen Daten wahrheitsgem\u00e4\u00df und richtig sind und verpflichtet sich, uns \u00fcber \u00c4nderungen oder Modifikationen zu informieren. Wenn Sie uns personenbezogene Daten von Dritten zur [&hellip;]<\/p>\n","protected":false},"author":1,"featured_media":0,"parent":0,"menu_order":0,"comment_status":"closed","ping_status":"open","template":"elementor_header_footer","meta":{"footnotes":""},"class_list":["post-920","page","type-page","status-publish","hentry"],"_links":{"self":[{"href":"https:\/\/naranjasrico.com\/de\/wp-json\/wp\/v2\/pages\/920","targetHints":{"allow":["GET"]}}],"collection":[{"href":"https:\/\/naranjasrico.com\/de\/wp-json\/wp\/v2\/pages"}],"about":[{"href":"https:\/\/naranjasrico.com\/de\/wp-json\/wp\/v2\/types\/page"}],"author":[{"embeddable":true,"href":"https:\/\/naranjasrico.com\/de\/wp-json\/wp\/v2\/users\/1"}],"replies":[{"embeddable":true,"href":"https:\/\/naranjasrico.com\/de\/wp-json\/wp\/v2\/comments?post=920"}],"version-history":[{"count":3,"href":"https:\/\/naranjasrico.com\/de\/wp-json\/wp\/v2\/pages\/920\/revisions"}],"predecessor-version":[{"id":923,"href":"https:\/\/naranjasrico.com\/de\/wp-json\/wp\/v2\/pages\/920\/revisions\/923"}],"wp:attachment":[{"href":"https:\/\/naranjasrico.com\/de\/wp-json\/wp\/v2\/media?parent=920"}],"curies":[{"name":"wp","href":"https:\/\/api.w.org\/{rel}","templated":true}]}}