{"id":927,"date":"2025-09-12T09:46:25","date_gmt":"2025-09-12T09:46:25","guid":{"rendered":"https:\/\/ecstatic-swirles.31-170-100-185.plesk.page\/wer-wir-sind\/"},"modified":"2025-09-23T08:03:27","modified_gmt":"2025-09-23T08:03:27","slug":"wer-wir-sind","status":"publish","type":"page","link":"https:\/\/naranjasrico.com\/de\/wer-wir-sind\/","title":{"rendered":"Wer wir sind"},"content":{"rendered":"\t\t<div data-elementor-type=\"wp-page\" data-elementor-id=\"927\" class=\"elementor elementor-927 elementor-620\" data-elementor-post-type=\"page\">\n\t\t\t\t<div class=\"elementor-element elementor-element-d35ca19 e-flex e-con-boxed e-con e-parent\" data-id=\"d35ca19\" data-element_type=\"container\" data-settings=\"{&quot;background_background&quot;:&quot;classic&quot;}\">\n\t\t\t\t\t<div class=\"e-con-inner\">\n\t\t<div class=\"elementor-element elementor-element-ed33dd0 e-flex e-con-boxed elementor-invisible e-con e-child\" data-id=\"ed33dd0\" data-element_type=\"container\" data-settings=\"{&quot;animation&quot;:&quot;fadeInUp&quot;}\">\n\t\t\t\t\t<div class=\"e-con-inner\">\n\t\t\t\t<div class=\"elementor-element elementor-element-6701bab elementor-widget elementor-widget-heading\" data-id=\"6701bab\" data-element_type=\"widget\" data-widget_type=\"heading.default\">\n\t\t\t\t<div class=\"elementor-widget-container\">\n\t\t\t\t\t<p class=\"elementor-heading-title elementor-size-default\"> Ein besonderer Geschmack, Geruch und ein besonderes Gef\u00fchl<\/p>\t\t\t\t<\/div>\n\t\t\t\t<\/div>\n\t\t\t\t<div class=\"elementor-element elementor-element-aa294a4 elementor-widget elementor-widget-heading\" data-id=\"aa294a4\" data-element_type=\"widget\" data-widget_type=\"heading.default\">\n\t\t\t\t<div class=\"elementor-widget-container\">\n\t\t\t\t\t<h1 class=\"elementor-heading-title elementor-size-default\">Wer wir sind<\/h1>\t\t\t\t<\/div>\n\t\t\t\t<\/div>\n\t\t\t\t<div class=\"elementor-element elementor-element-271d1dd elementor-widget elementor-widget-text-editor\" data-id=\"271d1dd\" data-element_type=\"widget\" data-widget_type=\"text-editor.default\">\n\t\t\t\t<div class=\"elementor-widget-container\">\n\t\t\t\t\t\t\t\t\t<p>Wir sind stolz darauf, Ihnen unsere <strong data-start=\"244\" data-end=\"262\">sorgf\u00e4ltig <\/strong>im Naturpark Albufera angebauten Orangen aus eigenem Anbau anbieten zu k\u00f6nnen. Jede unserer Orangen spiegelt die Sorgfalt, Tradition und das Engagement f\u00fcr Qualit\u00e4t und Lebensmittelsicherheit wider, damit Sie einen authentischen und nat\u00fcrlichen Geschmack genie\u00dfen k\u00f6nnen. <\/p>\t\t\t\t\t\t\t\t<\/div>\n\t\t\t\t<\/div>\n\t\t\t\t\t<\/div>\n\t\t\t\t<\/div>\n\t\t\t\t\t<\/div>\n\t\t\t\t<\/div>\n\t\t<div class=\"elementor-element elementor-element-14a575d e-flex e-con-boxed e-con e-parent\" data-id=\"14a575d\" data-element_type=\"container\" data-settings=\"{&quot;background_background&quot;:&quot;classic&quot;}\">\n\t\t\t\t\t<div class=\"e-con-inner\">\n\t\t<div class=\"elementor-element elementor-element-9a427b0 e-con-full animated-slow e-flex elementor-invisible e-con e-child\" data-id=\"9a427b0\" data-element_type=\"container\" data-settings=\"{&quot;animation&quot;:&quot;fadeIn&quot;}\">\n\t\t<div class=\"elementor-element elementor-element-c4a9344 e-con-full e-flex e-con e-child\" data-id=\"c4a9344\" data-element_type=\"container\">\n\t\t<div class=\"elementor-element elementor-element-a32fbdf e-con-full e-flex elementor-invisible e-con e-child\" data-id=\"a32fbdf\" data-element_type=\"container\" data-settings=\"{&quot;animation&quot;:&quot;fadeInUp&quot;}\">\n\t\t\t\t<div class=\"elementor-element elementor-element-c42bcd4 elementor-widget elementor-widget-heading\" data-id=\"c42bcd4\" data-element_type=\"widget\" data-widget_type=\"heading.default\">\n\t\t\t\t<div class=\"elementor-widget-container\">\n\t\t\t\t\t<h2 class=\"elementor-heading-title elementor-size-default\">Wir vereinen Landwirtschaft mit Menschen, geschmackvollen und saisonalen Produkten.<\/h2>\t\t\t\t<\/div>\n\t\t\t\t<\/div>\n\t\t\t\t<div class=\"elementor-element elementor-element-ba90d3b elementor-widget__width-initial elementor-widget elementor-widget-text-editor\" data-id=\"ba90d3b\" data-element_type=\"widget\" data-widget_type=\"text-editor.default\">\n\t\t\t\t<div class=\"elementor-widget-container\">\n\t\t\t\t\t\t\t\t\t<p>Naranjas Rico ist eine Familie von Zitrusbauern mit tiefen Wurzeln in der Region Ribera del J\u00facar. Wir haben stets an die Qualit\u00e4t unserer Produkte geglaubt und in Forschung und Entwicklung investiert. Seit Beginn des 20. Jahrhunderts betreuen wir unseren Betrieb ausschlie\u00dflich mit einem Absolventen der Agrartechnik oder eines Agraringenieurs. <\/p><p>Der traditionelle Verkauf von Orangen an Gro\u00dfh\u00e4ndler wird aufgrund der Globalisierung und Importen aus Drittl\u00e4ndern von Jahr zu Jahr schwieriger. F\u00fcr gro\u00dfe Einzelh\u00e4ndler wird es zunehmend unattraktiver, bei Kleinbauern wie uns einzukaufen. <\/p><p>Aus diesem Grund haben wir uns vor Jahren entschlossen, diese Website zu erstellen, um Sie, die Endverbraucher, zu erreichen und uns dabei zu unterst\u00fctzen, so gute und leckere Orangen zu genie\u00dfen.Wir vereinen Landwirtschaft mit Menschen, aromatischen und saisonalen Produkten. <\/p>\t\t\t\t\t\t\t\t<\/div>\n\t\t\t\t<\/div>\n\t\t\t\t<\/div>\n\t\t\t\t<\/div>\n\t\t<div class=\"elementor-element elementor-element-a9065d5 e-con-full e-flex e-con e-child\" data-id=\"a9065d5\" data-element_type=\"container\">\n\t\t\t\t<div class=\"elementor-element elementor-element-f74187b elementor-arrows-position-inside elementor-pagination-position-outside elementor-widget elementor-widget-image-carousel\" data-id=\"f74187b\" data-element_type=\"widget\" data-settings=\"{&quot;slides_to_show&quot;:&quot;1&quot;,&quot;navigation&quot;:&quot;both&quot;,&quot;autoplay&quot;:&quot;yes&quot;,&quot;pause_on_hover&quot;:&quot;yes&quot;,&quot;pause_on_interaction&quot;:&quot;yes&quot;,&quot;autoplay_speed&quot;:5000,&quot;infinite&quot;:&quot;yes&quot;,&quot;effect&quot;:&quot;slide&quot;,&quot;speed&quot;:500}\" data-widget_type=\"image-carousel.default\">\n\t\t\t\t<div class=\"elementor-widget-container\">\n\t\t\t\t\t\t\t<div class=\"elementor-image-carousel-wrapper swiper\" role=\"region\" aria-roledescription=\"carousel\" aria-label=\"Carrusel de im\u00e1genes\" dir=\"ltr\">\n\t\t\t<div class=\"elementor-image-carousel swiper-wrapper\" aria-live=\"off\">\n\t\t\t\t\t\t\t\t<div class=\"swiper-slide\" role=\"group\" aria-roledescription=\"slide\" aria-label=\"1 von 2\"><figure class=\"swiper-slide-inner\"><img decoding=\"async\" class=\"swiper-slide-image\" src=\"https:\/\/naranjasrico.com\/wp-content\/uploads\/2025\/09\/quienes-somos2.png\" alt=\"quienes-somos2\" \/><\/figure><\/div><div class=\"swiper-slide\" role=\"group\" aria-roledescription=\"slide\" aria-label=\"2 von 2\"><figure class=\"swiper-slide-inner\"><img decoding=\"async\" class=\"swiper-slide-image\" src=\"https:\/\/naranjasrico.com\/wp-content\/uploads\/2025\/09\/foto-galeria-quienes-somos.png\" alt=\"foto-galeria-quienes-somos\" \/><\/figure><\/div>\t\t\t<\/div>\n\t\t\t\t\t\t\t\t\t\t\t\t<div class=\"elementor-swiper-button elementor-swiper-button-prev\" role=\"button\" tabindex=\"0\">\n\t\t\t\t\t\t<svg aria-hidden=\"true\" class=\"e-font-icon-svg e-eicon-chevron-left\" viewBox=\"0 0 1000 1000\" xmlns=\"http:\/\/www.w3.org\/2000\/svg\"><path d=\"M646 125C629 125 613 133 604 142L308 442C296 454 292 471 292 487 292 504 296 521 308 533L604 854C617 867 629 875 646 875 663 875 679 871 692 858 704 846 713 829 713 812 713 796 708 779 692 767L438 487 692 225C700 217 708 204 708 187 708 171 704 154 692 142 675 129 663 125 646 125Z\"><\/path><\/svg>\t\t\t\t\t<\/div>\n\t\t\t\t\t<div class=\"elementor-swiper-button elementor-swiper-button-next\" role=\"button\" tabindex=\"0\">\n\t\t\t\t\t\t<svg aria-hidden=\"true\" class=\"e-font-icon-svg e-eicon-chevron-right\" viewBox=\"0 0 1000 1000\" xmlns=\"http:\/\/www.w3.org\/2000\/svg\"><path d=\"M696 533C708 521 713 504 713 487 713 471 708 454 696 446L400 146C388 133 375 125 354 125 338 125 325 129 313 142 300 154 292 171 292 187 292 204 296 221 308 233L563 492 304 771C292 783 288 800 288 817 288 833 296 850 308 863 321 871 338 875 354 875 371 875 388 867 400 854L696 533Z\"><\/path><\/svg>\t\t\t\t\t<\/div>\n\t\t\t\t\n\t\t\t\t\t\t\t\t\t<div class=\"swiper-pagination\"><\/div>\n\t\t\t\t\t\t\t\t\t<\/div>\n\t\t\t\t\t\t<\/div>\n\t\t\t\t<\/div>\n\t\t\t\t<\/div>\n\t\t\t\t<\/div>\n\t\t\t\t\t<\/div>\n\t\t\t\t<\/div>\n\t\t<div class=\"elementor-element elementor-element-e321e9b e-con-full e-flex e-con e-parent\" data-id=\"e321e9b\" data-element_type=\"container\" data-settings=\"{&quot;background_background&quot;:&quot;classic&quot;}\">\n\t\t\t\t<div class=\"elementor-element elementor-element-a51711f elementor-cta--layout-image-right elementor-cta--mobile-layout-image-above elementor-cta--skin-classic elementor-animated-content elementor-bg-transform elementor-bg-transform-zoom-in elementor-widget elementor-widget-call-to-action\" data-id=\"a51711f\" data-element_type=\"widget\" data-widget_type=\"call-to-action.default\">\n\t\t\t\t<div class=\"elementor-widget-container\">\n\t\t\t\t\t\t\t<div class=\"elementor-cta\">\n\t\t\t\t\t<div class=\"elementor-cta__bg-wrapper\">\n\t\t\t\t<div class=\"elementor-cta__bg elementor-bg\" style=\"background-image: url(https:\/\/naranjasrico.com\/wp-content\/uploads\/2025\/07\/naranjas-1.jpg);\" role=\"img\" aria-label=\"Verkauf von Valencia-Orangen\"><\/div>\n\t\t\t\t<div class=\"elementor-cta__bg-overlay\"><\/div>\n\t\t\t<\/div>\n\t\t\t\t\t\t\t<div class=\"elementor-cta__content\">\n\t\t\t\t\n\t\t\t\t\t\t\t\t\t<span class=\"elementor-cta__title elementor-cta__content-item elementor-content-item\">\n\t\t\t\t\t\tEntdecken Sie den authentischen Geschmack der Albufera.\t\t\t\t\t<\/span>\n\t\t\t\t\n\t\t\t\t\t\t\t\t\t<div class=\"elementor-cta__description elementor-cta__content-item elementor-content-item\">\n\t\t\t\t\t\tProbieren Sie noch heute unsere Orangen aus eigenem Anbau.\t\t\t\t\t<\/div>\n\t\t\t\t\n\t\t\t\t\t\t\t\t\t<div class=\"elementor-cta__button-wrapper elementor-cta__content-item elementor-content-item \">\n\t\t\t\t\t<a class=\"elementor-cta__button elementor-button elementor-size-md\" href=\"\/#comprar\">\n\t\t\t\t\t\tWeitere Informationen\t\t\t\t\t<\/a>\n\t\t\t\t\t<\/div>\n\t\t\t\t\t\t\t<\/div>\n\t\t\t\t\t\t<\/div>\n\t\t\t\t\t\t<\/div>\n\t\t\t\t<\/div>\n\t\t\t\t<\/div>\n\t\t\t\t<\/div>\n\t\t","protected":false},"excerpt":{"rendered":"<p>Ein besonderer Geschmack, Geruch und ein besonderes Gef\u00fchl Wer wir sind Wir sind stolz darauf, Ihnen unsere sorgf\u00e4ltig im Naturpark Albufera angebauten Orangen aus eigenem Anbau anbieten zu k\u00f6nnen. Jede unserer Orangen spiegelt die Sorgfalt, Tradition und das Engagement f\u00fcr Qualit\u00e4t und Lebensmittelsicherheit wider, damit Sie einen authentischen und nat\u00fcrlichen Geschmack genie\u00dfen k\u00f6nnen. Wir vereinen [&hellip;]<\/p>\n","protected":false},"author":1,"featured_media":0,"parent":0,"menu_order":0,"comment_status":"closed","ping_status":"closed","template":"elementor_header_footer","meta":{"footnotes":""},"class_list":["post-927","page","type-page","status-publish","hentry"],"_links":{"self":[{"href":"https:\/\/naranjasrico.com\/de\/wp-json\/wp\/v2\/pages\/927","targetHints":{"allow":["GET"]}}],"collection":[{"href":"https:\/\/naranjasrico.com\/de\/wp-json\/wp\/v2\/pages"}],"about":[{"href":"https:\/\/naranjasrico.com\/de\/wp-json\/wp\/v2\/types\/page"}],"author":[{"embeddable":true,"href":"https:\/\/naranjasrico.com\/de\/wp-json\/wp\/v2\/users\/1"}],"replies":[{"embeddable":true,"href":"https:\/\/naranjasrico.com\/de\/wp-json\/wp\/v2\/comments?post=927"}],"version-history":[{"count":1,"href":"https:\/\/naranjasrico.com\/de\/wp-json\/wp\/v2\/pages\/927\/revisions"}],"predecessor-version":[{"id":928,"href":"https:\/\/naranjasrico.com\/de\/wp-json\/wp\/v2\/pages\/927\/revisions\/928"}],"wp:attachment":[{"href":"https:\/\/naranjasrico.com\/de\/wp-json\/wp\/v2\/media?parent=927"}],"curies":[{"name":"wp","href":"https:\/\/api.w.org\/{rel}","templated":true}]}}