{"id":929,"date":"2025-08-27T10:57:53","date_gmt":"2025-08-27T10:57:53","guid":{"rendered":"https:\/\/ecstatic-swirles.31-170-100-185.plesk.page\/producto\/adoptieren-sie-einen-orangenbaum-80-kg-jahr\/"},"modified":"2026-01-12T14:30:24","modified_gmt":"2026-01-12T14:30:24","slug":"adoptieren-sie-einen-orangenbaum-80-kg-jahr","status":"publish","type":"product","link":"https:\/\/naranjasrico.com\/de\/produkt\/adoptieren-sie-einen-orangenbaum-80-kg-jahr\/","title":{"rendered":"Einen ganzen Orangenbaum adoptieren  (80 kg\/Jahr)"},"content":{"rendered":"<div class=\"percent50\">\n<h2>Eine Orangenbaum Patenschaft \u00fcbernehmen<!-- notionvc: 09129c51-951b-471c-a67b-da620e632da6 --><\/h2>\n<p>Reservieren Sie die Ernte eines Orangenbaums f\u00fcr die n\u00e4chste Saison, ohne Verpflichtung zur Weiterbesch\u00e4ftigung. Sie entscheiden jedes Jahr, ob Sie Ihren Baum weiter pflegen m\u00f6chten. Die Fr\u00fcchte Ihres Baums geh\u00f6ren Ihnen. Sie zahlen lediglich die Transport- und Erntekosten f\u00fcr den Transport zu Ihnen nach Hause.<\/p>\n<div class=\"percent50\">\n<p><strong>&gt; So funktioniert&#8217;s<\/strong><\/p>\n<div id=\"funcionamientoTxt\">\n<ul class=\"perso\">\n<li>Reserva un naranjo \u201cCROWD\u201d, y ponle el nombre que quieras<\/li>\n<li>Wir senden Ihnen eine Urkunde f\u00fcr Sie oder Ihren Beschenkten sowie Fotos Ihres Baumes.<\/li>\n<li>Entscheiden Sie selbst, wie Sie Ihre 80 kg verwenden m\u00f6chten. Sie haben verschiedene Optionen hinsichtlich Gewicht und Versandh\u00e4ufigkeit. W\u00e4hlen Sie die zum Zeitpunkt des Kaufs verf\u00fcgbare Option aus.<\/li>\n<li>Oder holen Sie die B\u00e4ume direkt am Baum ab, ohne Versandkosten \u2013 nur die Verpackung. Eine Vorank\u00fcndigung ist erforderlich.<\/li>\n<li>Am Ende jeder Saison entscheiden Sie, ob Sie weitermachen m\u00f6chten. Es besteht keine Verpflichtung.<\/li>\n<li>Wir aktualisieren die Versandkosten zu Beginn der Saison.<\/li>\n<\/ul>\n<p>&nbsp;<\/p>\n<\/div>\n<\/div>\n<div class=\"percent50\">\n<p><strong>&gt; Fragen<\/strong><\/p>\n<div id=\"dudasTxt\">\n<ul class=\"perso\">\n<li>GESCHENK: Sie k\u00f6nnen Ihre Ernte mit jeder Sendung an eine Adresse Ihrer Wahl senden, zusammen mit einer pers\u00f6nlichen Nachricht Ihrer Wahl. Sie k\u00f6nnen auch einen Orangenbaum verschenken.<\/li>\n<li>SAISON: Sie haben die ganze Saison \u00fcber Orangen zur Verf\u00fcgung, von Oktober bis M\u00e4rz, je nach Verf\u00fcgbarkeit der Sorte.<\/li>\n<li>ERNTE: Sie k\u00f6nnen die Orangen direkt vom Baum pfl\u00fccken. Es fallen nur die Kosten f\u00fcr die Kiste an.<\/li>\n<li>BESUCH: Sie k\u00f6nnen Ihren Orangenbaum jederzeit besuchen, nach vorheriger Ank\u00fcndigung per E-Mail oder WhatsApp, damit wir Sie begleiten k\u00f6nnen.<\/li>\n<li>ANH\u00c4NGERUNG: Wenn Sie Ihre 80 Kilo w\u00e4hrend der Saison nicht verbrauchen, sammeln wir sie f\u00fcr die n\u00e4chste Saison..<\/li>\n<li>NAME: Sobald Sie uns den gew\u00fcnschten Namen f\u00fcr Ihren Baum mitgeteilt haben, ben\u00f6tigen wir eine Woche, um eine Plakette anzubringen und Ihnen ein Foto zu senden.<\/li>\n<li>ALTER: Orangenb\u00e4ume sind 5 Jahre alt. Oder gro\u00dfe Orangenb\u00e4ume mit voller Produktivit\u00e4t.<\/li>\n<\/ul>\n<\/div>\n<\/div>\n<\/div>\n","protected":false},"excerpt":{"rendered":"<p>Sie k\u00f6nnen ab dem ersten Jahr Ihrer Patenschaft Orangen bestellen. Wir liefern sie von Ihrem Baum oder auf Wunsch von einem anderen ertragreichen Baum. Sie k\u00f6nnen sogar vom Saisonbeginn (November) bis zum Saisonende (M\u00e4rz) Orangen verschiedener Sorten bestellen, bis zu insgesamt 80 kg pro Jahr.<\/p>\n<p>&nbsp;<\/p>\n","protected":false},"featured_media":891,"template":"","meta":[],"product_brand":[],"product_cat":[45],"product_tag":[],"class_list":{"0":"post-929","1":"product","2":"type-product","3":"status-publish","4":"has-post-thumbnail","6":"product_cat-adoptieren","8":"first","9":"instock","10":"shipping-taxable","11":"purchasable","12":"product-type-variable"},"_links":{"self":[{"href":"https:\/\/naranjasrico.com\/de\/wp-json\/wp\/v2\/product\/929","targetHints":{"allow":["GET"]}}],"collection":[{"href":"https:\/\/naranjasrico.com\/de\/wp-json\/wp\/v2\/product"}],"about":[{"href":"https:\/\/naranjasrico.com\/de\/wp-json\/wp\/v2\/types\/product"}],"wp:featuredmedia":[{"embeddable":true,"href":"https:\/\/naranjasrico.com\/de\/wp-json\/wp\/v2\/media\/891"}],"wp:attachment":[{"href":"https:\/\/naranjasrico.com\/de\/wp-json\/wp\/v2\/media?parent=929"}],"wp:term":[{"taxonomy":"product_brand","embeddable":true,"href":"https:\/\/naranjasrico.com\/de\/wp-json\/wp\/v2\/product_brand?post=929"},{"taxonomy":"product_cat","embeddable":true,"href":"https:\/\/naranjasrico.com\/de\/wp-json\/wp\/v2\/product_cat?post=929"},{"taxonomy":"product_tag","embeddable":true,"href":"https:\/\/naranjasrico.com\/de\/wp-json\/wp\/v2\/product_tag?post=929"}],"curies":[{"name":"wp","href":"https:\/\/api.w.org\/{rel}","templated":true}]}}