{"id":954,"date":"2025-07-09T10:55:23","date_gmt":"2025-07-09T10:55:23","guid":{"rendered":"https:\/\/ecstatic-swirles.31-170-100-185.plesk.page\/producto\/orange-box\/"},"modified":"2026-01-12T14:55:18","modified_gmt":"2026-01-12T14:55:18","slug":"orange-box","status":"publish","type":"product","link":"https:\/\/naranjasrico.com\/de\/produkt\/orange-box\/","title":{"rendered":"Eine Box voller Orangen aus Spanien bestellen"},"content":{"rendered":"<h2>Eine Box Orangen direkt vom Erzeuger kaufen<!-- notionvc: f1d1ebd7-efc7-4b84-b620-302866926af2 --><\/h2>\n<p>Etwa 3 Wochen bei k\u00fchler, trockener und gut bel\u00fcfteter Lagerung. Die Orangen werden direkt gepfl\u00fcckt und ohne Konservierungsbehandlung versendet.Navelina-Orangen, liebevoll auf unseren Feldern angebaut. Sie reifen bis zum Versandtag am Baum, sodass Sie den authentischen Orangengeschmack genie\u00dfen k\u00f6nnen. Wir pfl\u00fccken sie einzeln von Hand. Wir verwenden weder Wachs noch Nacherntebehandlungen. Leicht zu sch\u00e4len und mit viel Saft. Sie k\u00f6nnen sie sofort essen oder einen k\u00f6stlichen Orangensaft daraus machen. Sie sind in der Regel kernlos. Der Versand ist im Preis inbegriffen.<\/p>\n<p><strong>Anbauform<\/strong><\/p>\n<p>Nat\u00fcrlich angebaut ohne den Einsatz von Pestiziden oder Herbiziden. Wir streben ein \u00d6kosystem an, in dem Insekten und Mineralien im Boden im Gleichgewicht sind.<\/p>\n<p><strong>Abhol- und Versandzeitraum<\/strong><\/p>\n<p>November-M\u00e4rz<\/p>\n<p><strong>Durchschnittliche Menge\/kg<\/strong><\/p>\n<p>Zwischen 4 und 7 Orangen pro kg<\/p>\n","protected":false},"excerpt":{"rendered":"<p><strong>Lagerung<\/strong><\/p>\n<p>Etwa 3 Wochen bei k\u00fchler, trockener und gut bel\u00fcfteter Lagerung. Die Orangen werden direkt gepfl\u00fcckt und ohne Konservierungsbehandlung versendet. Sollten Orangen verderben, empfehlen wir, sie beiseite zu legen, um eine Ausbreitung des Verderbens zu verhindern.<\/p>\n<p><strong>Verpackung<\/strong><\/p>\n<p>9-, 14- oder 19-kg-Karton<\/p>\n","protected":false},"featured_media":957,"template":"","meta":[],"product_brand":[],"product_cat":[47],"product_tag":[],"class_list":{"0":"post-954","1":"product","2":"type-product","3":"status-publish","4":"has-post-thumbnail","6":"product_cat-boxen","8":"first","9":"instock","10":"shipping-taxable","11":"purchasable","12":"product-type-variable"},"_links":{"self":[{"href":"https:\/\/naranjasrico.com\/de\/wp-json\/wp\/v2\/product\/954","targetHints":{"allow":["GET"]}}],"collection":[{"href":"https:\/\/naranjasrico.com\/de\/wp-json\/wp\/v2\/product"}],"about":[{"href":"https:\/\/naranjasrico.com\/de\/wp-json\/wp\/v2\/types\/product"}],"wp:featuredmedia":[{"embeddable":true,"href":"https:\/\/naranjasrico.com\/de\/wp-json\/wp\/v2\/media\/957"}],"wp:attachment":[{"href":"https:\/\/naranjasrico.com\/de\/wp-json\/wp\/v2\/media?parent=954"}],"wp:term":[{"taxonomy":"product_brand","embeddable":true,"href":"https:\/\/naranjasrico.com\/de\/wp-json\/wp\/v2\/product_brand?post=954"},{"taxonomy":"product_cat","embeddable":true,"href":"https:\/\/naranjasrico.com\/de\/wp-json\/wp\/v2\/product_cat?post=954"},{"taxonomy":"product_tag","embeddable":true,"href":"https:\/\/naranjasrico.com\/de\/wp-json\/wp\/v2\/product_tag?post=954"}],"curies":[{"name":"wp","href":"https:\/\/api.w.org\/{rel}","templated":true}]}}