{"id":720,"date":"2025-06-19T11:22:55","date_gmt":"2025-06-19T11:22:55","guid":{"rendered":"https:\/\/ecstatic-swirles.31-170-100-185.plesk.page\/privacy-policy\/"},"modified":"2025-09-19T11:12:35","modified_gmt":"2025-09-19T11:12:35","slug":"privacy-policy","status":"publish","type":"page","link":"https:\/\/naranjasrico.com\/en\/privacy-policy\/","title":{"rendered":"Privacy Policy<br>"},"content":{"rendered":"\t\t<div data-elementor-type=\"wp-page\" data-elementor-id=\"720\" class=\"elementor elementor-720 elementor-3\" data-elementor-post-type=\"page\">\n\t\t\t\t<div class=\"elementor-element elementor-element-fa2f2bd e-con-full e-flex e-con e-child\" data-id=\"fa2f2bd\" data-element_type=\"container\" data-settings=\"{&quot;background_background&quot;:&quot;classic&quot;}\">\n\t\t\t\t<div class=\"elementor-element elementor-element-acc42f9 elementor-widget elementor-widget-heading\" data-id=\"acc42f9\" data-element_type=\"widget\" data-widget_type=\"heading.default\">\n\t\t\t\t<div class=\"elementor-widget-container\">\n\t\t\t\t\t<h1 class=\"elementor-heading-title elementor-size-default\">Privacy Policy<br><\/h1>\t\t\t\t<\/div>\n\t\t\t\t<\/div>\n\t\t\t\t<\/div>\n\t\t<div class=\"elementor-element elementor-element-ad3aa91 e-flex e-con-boxed e-con e-parent\" data-id=\"ad3aa91\" data-element_type=\"container\">\n\t\t\t\t\t<div class=\"e-con-inner\">\n\t\t\t\t<div class=\"elementor-element elementor-element-5af3845 elementor-widget elementor-widget-text-editor\" data-id=\"5af3845\" data-element_type=\"widget\" data-widget_type=\"text-editor.default\">\n\t\t\t\t<div class=\"elementor-widget-container\">\n\t\t\t\t\t\t\t\t\t\n<p>Remember that before you begin using any of our services or features, you must read this Privacy Policy, as well as the specific section on the Terms of Use and Purchase.<br>The user hereby guarantees that the Personal Data provided is true and accurate and undertakes to notify us of any changes or modifications. If you provide us with Personal Data from third parties, you are responsible for having informed them and obtained their consent to share it for the purposes indicated in the corresponding sections of this Privacy Policy. <\/p>\n\n<p>The Data Controllers undertake to respect the confidentiality of your Personal Data and to guarantee the exercise of your rights.<\/p>\n\n<p>Al utilizar esta p\u00e1gina web o hacer un pedido a trav\u00e9s de la misma usted consiente quedar vinculado por estas Condiciones y por nuestras Pol\u00edticas de Protecci\u00f3n de Datos.<br>La informaci\u00f3n o datos personales que nos facilite sobre usted ser\u00e1n tratados con arreglo a lo establecido en las Pol\u00edticas de Protecci\u00f3n de Datos.<br>Asimismo, consiente que podremos hacer uso de dicha informaci\u00f3n para ponernos en contacto con usted si es necesario.<\/p>\n\n<p>If you detect that an error occurred when entering your personal data during the purchasing process, please contact us at rico@naranjasrico.com.<\/p>\n\n<p>The countries to which we ship our products are: Spain, France, Belgium, Germany, Austria, the Netherlands, Italy, Luxembourg, and the United Kingdom.<\/p>\n\n<p>For shipments within Spain, <strong>we ship oranges on the Monday following your order<\/strong>.<\/p>\n\n<p>For shipments to Europe, oranges will be harvested for shipment on Monday morning.<br>The estimated delivery time will be:<br>\u2013 One\/two business days for Spain<br>\u2013 Three\/four business days for France<br>\u2013 Four\/five business days for Germany, Austria, Belgium, the Netherlands, Italy, Luxembourg, and the United Kingdom.<\/p>\n\n<p>If weather conditions prevent us from harvesting our products on the scheduled date, they will be picked when weather permits. We will inform you of any delays in the delivery of our products via email. <\/p>\n\n<p>The carrier will contact you by phone if they cannot deliver the order to the address provided, so that we can deliver it at a later time.<\/p>\n\n<p>If you receive the order in poor condition, please note it on the carrier&#8217;s delivery note, take photos, and send them to us by email, describing the defects found. If you find any other defects, please contact us and we will offer you a solution. <\/p>\n\n<p>If you accept the merchandise without noting your dissatisfaction on the delivery receipt, if applicable, we will not be able to accept your claim.<\/p>\n\n<p>If you will not be at the delivery location at the agreed time, please contact the carrier to arrange delivery on another day. If, after 15 days from when your order is available for delivery, the order has not been delivered for reasons not attributable to us, we will understand that you wish to withdraw from the contract and will consider it terminated. As a result of terminating the contract, we will refund the amount for the products less the logistics costs of delivery.  <\/p>\n\n<p>El precio de los productos se cobrar\u00e1 en el instante que usted haga clic en pagar. Para su cobro le solicitar\u00e1 la aportaci\u00f3n de un m\u00e9todo de pago, sea tarjeta de cr\u00e9dito, domiciliaci\u00f3n bancaria o Paypal (en algunos casos). <\/p>\n\n<p>By clicking &#8220;Pay,&#8221; you confirm that the credit card is yours or that you are the legitimate owner.<br>Credit cards are subject to verification and authorization by the card issuer, but if you do not authorize payment, we will not be liable for any delay or non-delivery and we will not be able to enter into any contract with you.<br>If you are placing the order on behalf of a company or legal entity, you may request a change to the invoice by emailing us. <\/p>\n\n<p>We will not be liable for any failure or delay in performing any of our obligations when such failure or delay results from events beyond our reasonable control (&#8220;Force Majeure Event&#8221;). It will be understood that the obligations will be suspended during the period in which the Force Majeure Event continues, and we will have an extension in the period to fulfill said obligations for a period of time equal to the duration of the Force Majeure Event. <\/p>\n\t\t\t\t\t\t\t\t<\/div>\n\t\t\t\t<\/div>\n\t\t\t\t\t<\/div>\n\t\t\t\t<\/div>\n\t\t\t\t<\/div>\n\t\t","protected":false},"excerpt":{"rendered":"<p>Remember that before you begin using any of our services or features, you must read this Privacy Policy, as well as the specific section on the Terms of Use and Purchase.The user hereby guarantees that the Personal Data provided is true and accurate and undertakes to notify us of any changes or modifications. If you [&hellip;]<\/p>\n","protected":false},"author":1,"featured_media":0,"parent":0,"menu_order":0,"comment_status":"closed","ping_status":"open","template":"elementor_header_footer","meta":{"footnotes":""},"class_list":["post-720","page","type-page","status-publish","hentry"],"_links":{"self":[{"href":"https:\/\/naranjasrico.com\/en\/wp-json\/wp\/v2\/pages\/720","targetHints":{"allow":["GET"]}}],"collection":[{"href":"https:\/\/naranjasrico.com\/en\/wp-json\/wp\/v2\/pages"}],"about":[{"href":"https:\/\/naranjasrico.com\/en\/wp-json\/wp\/v2\/types\/page"}],"author":[{"embeddable":true,"href":"https:\/\/naranjasrico.com\/en\/wp-json\/wp\/v2\/users\/1"}],"replies":[{"embeddable":true,"href":"https:\/\/naranjasrico.com\/en\/wp-json\/wp\/v2\/comments?post=720"}],"version-history":[{"count":5,"href":"https:\/\/naranjasrico.com\/en\/wp-json\/wp\/v2\/pages\/720\/revisions"}],"predecessor-version":[{"id":847,"href":"https:\/\/naranjasrico.com\/en\/wp-json\/wp\/v2\/pages\/720\/revisions\/847"}],"wp:attachment":[{"href":"https:\/\/naranjasrico.com\/en\/wp-json\/wp\/v2\/media?parent=720"}],"curies":[{"name":"wp","href":"https:\/\/api.w.org\/{rel}","templated":true}]}}