{"id":782,"date":"2025-06-19T11:22:55","date_gmt":"2025-06-19T11:22:55","guid":{"rendered":"https:\/\/ecstatic-swirles.31-170-100-185.plesk.page\/politique-de-confidentialite-traduit-rapidement\/"},"modified":"2025-09-19T10:24:35","modified_gmt":"2025-09-19T10:24:35","slug":"politique-de-confidentialite-traduit-rapidement","status":"publish","type":"page","link":"https:\/\/naranjasrico.com\/fr\/politique-de-confidentialite-traduit-rapidement\/","title":{"rendered":"Politique de confidentialit\u00e9"},"content":{"rendered":"\t\t<div data-elementor-type=\"wp-page\" data-elementor-id=\"782\" class=\"elementor elementor-782 elementor-3\" data-elementor-post-type=\"page\">\n\t\t\t\t<div class=\"elementor-element elementor-element-fa2f2bd e-con-full e-flex e-con e-child\" data-id=\"fa2f2bd\" data-element_type=\"container\" data-settings=\"{&quot;background_background&quot;:&quot;classic&quot;}\">\n\t\t\t\t<div class=\"elementor-element elementor-element-acc42f9 elementor-widget elementor-widget-heading\" data-id=\"acc42f9\" data-element_type=\"widget\" data-widget_type=\"heading.default\">\n\t\t\t\t<div class=\"elementor-widget-container\">\n\t\t\t\t\t<h1 class=\"elementor-heading-title elementor-size-default\">Politique de confidentialit\u00e9<\/h1>\t\t\t\t<\/div>\n\t\t\t\t<\/div>\n\t\t\t\t<\/div>\n\t\t<div class=\"elementor-element elementor-element-ad3aa91 e-flex e-con-boxed e-con e-parent\" data-id=\"ad3aa91\" data-element_type=\"container\">\n\t\t\t\t\t<div class=\"e-con-inner\">\n\t\t\t\t<div class=\"elementor-element elementor-element-5af3845 elementor-widget elementor-widget-text-editor\" data-id=\"5af3845\" data-element_type=\"widget\" data-widget_type=\"text-editor.default\">\n\t\t\t\t<div class=\"elementor-widget-container\">\n\t\t\t\t\t\t\t\t\t\n<p>Rappelez-vous qu&rsquo;avant de commencer \u00e0 utiliser l&rsquo;un de nos services, vous devez lire attentivement la pr\u00e9sente Politique de confidentialit\u00e9 et accepter les conditions qui y sont expos\u00e9es.<\/p>\n\n<p>Les responsables du traitement s&rsquo;engagent \u00e0 respecter la r\u00e9glementation en vigueur en mati\u00e8re de protection des donn\u00e9es \u00e0 caract\u00e8re personnel et \u00e0 garantir l&rsquo;exercice de vos droits.<\/p>\n\n<p>En utilisant ce site web ou en passant commande via celui-ci, vous acceptez que vos donn\u00e9es soient trait\u00e9es afin de fournir les services demand\u00e9s et pour nous permettre, si n\u00e9cessaire, de vous contacter.<\/p>\n\n<p>Si vous constatez une erreur lors de la saisie de vos donn\u00e9es personnelles au moment de la commande, veuillez nous en informer \u00e0 l&rsquo;adresse riche@naranjasrico.com.<\/p>\n\n<p>Les pays vers lesquels nous exp\u00e9dions nos produits sont : Espagne, France, Allemagne, Autriche, Belgique, Pays-Bas, Italie, Luxembourg et Royaume-Uni.<\/p>\n\n<p>Pour les livraisons en Espagne, les oranges seront r\u00e9colt\u00e9es le lundi suivant votre commande et exp\u00e9di\u00e9es ensuite.<\/p>\n\n<p>Pour les livraisons \u00e0 destination de l&rsquo;Europe, les oranges sont r\u00e9colt\u00e9es et exp\u00e9di\u00e9es le lundi matin.<\/p>\n\n<p>Si les conditions m\u00e9t\u00e9orologiques emp\u00eachent la r\u00e9colte \u00e0 la date pr\u00e9vue, la r\u00e9colte aura lieu d\u00e8s que possible. Nous vous informerons de tout retard par e-mail. Le transporteur vous contactera par t\u00e9l\u00e9phone s&rsquo;il ne peut pas livrer la commande \u00e0 l&rsquo;adresse indiqu\u00e9e.<\/p>\n\n<p>Si vous recevez votre commande en mauvais \u00e9tat, veuillez le signaler sur le bon de livraison du transporteur, prendre des photos et nous les envoyer par e-mail en d\u00e9crivant les d\u00e9fauts constat\u00e9s. Nous vous proposerons une solution.<\/p>\n\n<p>Si vous n&rsquo;\u00eates pas pr\u00e9sent au lieu de livraison \u00e0 l&rsquo;heure convenue, veuillez contacter le transporteur pour convenir d&rsquo;une autre date de livraison. Si 15 jours se sont \u00e9coul\u00e9s depuis la mise \u00e0 disposition de votre commande et que celle-ci n&rsquo;a pas \u00e9t\u00e9 livr\u00e9e pour des raisons ind\u00e9pendantes de notre volont\u00e9, nous consid\u00e9rerons que vous souhaitez r\u00e9silier le contrat et proc\u00e9derons au remboursement du montant des produits, d\u00e9duction faite des frais logistiques de livraison.<\/p>\n\n<p>Le prix des produits sera d\u00e9bit\u00e9 au moment o\u00f9 vous cliquerez sur \u00ab Payer \u00bb. Il vous sera demand\u00e9 de choisir un mode de paiement : carte bancaire, pr\u00e9l\u00e8vement ou PayPal (dans certains cas).<\/p>\n\n<p>En cliquant sur \u00ab Payer \u00bb, vous confirmez que la carte bancaire utilis\u00e9e est la v\u00f4tre ou que vous en \u00eates le titulaire l\u00e9gitime. Si vous passez commande au nom d&rsquo;une entreprise, vous pouvez demander une modification de la facture en nous \u00e9crivant par e-mail.<\/p>\n\n<p>Nous ne serons pas responsables des manquements ou retards r\u00e9sultant d&rsquo;\u00e9v\u00e9nements ind\u00e9pendants de notre volont\u00e9 (force majeure). Les obligations seront suspendues pendant la dur\u00e9e du cas de force majeure et nous disposerons d&rsquo;un d\u00e9lai suppl\u00e9mentaire pour les ex\u00e9cuter \u00e9quivalent \u00e0 celle-ci.<\/p>\n\t\t\t\t\t\t\t\t<\/div>\n\t\t\t\t<\/div>\n\t\t\t\t\t<\/div>\n\t\t\t\t<\/div>\n\t\t\t\t<\/div>\n\t\t","protected":false},"excerpt":{"rendered":"<p>Rappelez-vous qu&rsquo;avant de commencer \u00e0 utiliser l&rsquo;un de nos services, vous devez lire attentivement la pr\u00e9sente Politique de confidentialit\u00e9 et accepter les conditions qui y sont expos\u00e9es. Les responsables du traitement s&rsquo;engagent \u00e0 respecter la r\u00e9glementation en vigueur en mati\u00e8re de protection des donn\u00e9es \u00e0 caract\u00e8re personnel et \u00e0 garantir l&rsquo;exercice de vos droits. En [&hellip;]<\/p>\n","protected":false},"author":1,"featured_media":0,"parent":0,"menu_order":0,"comment_status":"closed","ping_status":"open","template":"elementor_header_footer","meta":{"footnotes":""},"class_list":["post-782","page","type-page","status-publish","hentry"],"_links":{"self":[{"href":"https:\/\/naranjasrico.com\/fr\/wp-json\/wp\/v2\/pages\/782","targetHints":{"allow":["GET"]}}],"collection":[{"href":"https:\/\/naranjasrico.com\/fr\/wp-json\/wp\/v2\/pages"}],"about":[{"href":"https:\/\/naranjasrico.com\/fr\/wp-json\/wp\/v2\/types\/page"}],"author":[{"embeddable":true,"href":"https:\/\/naranjasrico.com\/fr\/wp-json\/wp\/v2\/users\/1"}],"replies":[{"embeddable":true,"href":"https:\/\/naranjasrico.com\/fr\/wp-json\/wp\/v2\/comments?post=782"}],"version-history":[{"count":7,"href":"https:\/\/naranjasrico.com\/fr\/wp-json\/wp\/v2\/pages\/782\/revisions"}],"predecessor-version":[{"id":789,"href":"https:\/\/naranjasrico.com\/fr\/wp-json\/wp\/v2\/pages\/782\/revisions\/789"}],"wp:attachment":[{"href":"https:\/\/naranjasrico.com\/fr\/wp-json\/wp\/v2\/media?parent=782"}],"curies":[{"name":"wp","href":"https:\/\/api.w.org\/{rel}","templated":true}]}}