{"id":863,"date":"2025-09-12T09:06:35","date_gmt":"2025-09-12T09:06:35","guid":{"rendered":"https:\/\/ecstatic-swirles.31-170-100-185.plesk.page\/mentions-legales\/"},"modified":"2025-09-22T08:25:11","modified_gmt":"2025-09-22T08:25:11","slug":"mentions-legales","status":"publish","type":"page","link":"https:\/\/naranjasrico.com\/fr\/mentions-legales\/","title":{"rendered":"Mentions l\u00e9gales"},"content":{"rendered":"\t\t<div data-elementor-type=\"wp-page\" data-elementor-id=\"863\" class=\"elementor elementor-863 elementor-592\" data-elementor-post-type=\"page\">\n\t\t\t\t<div class=\"elementor-element elementor-element-f000b7b e-flex e-con-boxed e-con e-parent\" data-id=\"f000b7b\" data-element_type=\"container\" data-settings=\"{&quot;background_background&quot;:&quot;classic&quot;}\">\n\t\t\t\t\t<div class=\"e-con-inner\">\n\t\t\t\t<div class=\"elementor-element elementor-element-0364ee7 elementor-widget elementor-widget-heading\" data-id=\"0364ee7\" data-element_type=\"widget\" data-widget_type=\"heading.default\">\n\t\t\t\t<div class=\"elementor-widget-container\">\n\t\t\t\t\t<h1 class=\"elementor-heading-title elementor-size-default\">Mentions l\u00e9gales<\/h1>\t\t\t\t<\/div>\n\t\t\t\t<\/div>\n\t\t\t\t\t<\/div>\n\t\t\t\t<\/div>\n\t\t<div class=\"elementor-element elementor-element-9bb1485 e-flex e-con-boxed e-con e-parent\" data-id=\"9bb1485\" data-element_type=\"container\">\n\t\t\t\t\t<div class=\"e-con-inner\">\n\t\t\t\t<div class=\"elementor-element elementor-element-ee985c1 elementor-widget elementor-widget-text-editor\" data-id=\"ee985c1\" data-element_type=\"widget\" data-widget_type=\"text-editor.default\">\n\t\t\t\t<div class=\"elementor-widget-container\">\n\t\t\t\t\t\t\t\t\t\n<p><strong>MENTIONS L\u00c9GALES<\/strong><\/p>\n<p>Raison sociale\u00a0: Rural Hermanos Gomis SL<br \/>Nom commercial\u00a0: Naranjas Rico<br \/>Si\u00e8ge social\u00a0: Carretera Favara 35, 46400 Cullera (Valence)<br \/>Num\u00e9ro d\u2019identification fiscale\u00a0: B72733306<\/p>\n<p>T\u00e9l\u00e9phone\u00a0: 600662837<br \/>Courriel\u00a0: rico@naranjasrico.com<br \/>Nom de domaine\u00a0: naranjasrico.com<\/p>\n<p><strong>OBJET<\/strong><\/p>\n<p>Le prestataire, responsable du site web, met \u00e0 la disposition des utilisateurs ce document afin de se conformer aux obligations pr\u00e9vues par la loi n\u00b0\u00a034\/2002 relative aux services de la soci\u00e9t\u00e9 de l\u2019information et du commerce \u00e9lectronique (LSSI-CE), et d\u2019informer tous les utilisateurs des conditions d\u2019utilisation du site web.<br \/>Toute personne acc\u00e9dant \u00e0 ce site web assume le r\u00f4le d\u2019utilisateur et s\u2019engage \u00e0 respecter scrupuleusement les dispositions du pr\u00e9sent document, ainsi que toute autre disposition l\u00e9gale applicable.<br \/>Le fournisseur se r\u00e9serve le droit de modifier toute information figurant sur le site web, sans obligation de pr\u00e9avis ni d&rsquo;information des utilisateurs. Une simple publication sur le site web du fournisseur est consid\u00e9r\u00e9e comme suffisante.<\/p>\n<p><strong>Responsabilit\u00e9<\/strong><\/p>\n<p>Le fournisseur d\u00e9cline toute responsabilit\u00e9 quant aux informations publi\u00e9es sur son site web, \u00e0 condition que ces informations aient \u00e9t\u00e9 manipul\u00e9es ou saisies par un tiers autre que lui.<br \/>Le site web du fournisseur peut utiliser des cookies (petits fichiers d\u2019informations que le serveur envoie \u00e0 l\u2019ordinateur de la personne acc\u00e9dant \u00e0 la page) pour ex\u00e9cuter certaines fonctions consid\u00e9r\u00e9es comme essentielles au bon fonctionnement et \u00e0 l\u2019affichage du site. Les cookies utilis\u00e9s sur le site web sont, dans tous les cas, temporaires et servent uniquement \u00e0 optimiser la transmission ult\u00e9rieure. Ils disparaissent \u00e0 la fin de la session de l\u2019utilisateur. En aucun cas, les cookies ne seront utilis\u00e9s pour collecter des informations personnelles.<br \/>\u00c0 partir du site web du client, vous pourriez \u00eatre redirig\u00e9 vers des contenus de sites web tiers. Le fournisseur ne pouvant pas toujours contr\u00f4ler le contenu saisi par des tiers sur ses sites web, il d\u00e9cline toute responsabilit\u00e9 quant \u00e0 ces contenus. Dans tous les cas, le fournisseur d\u00e9clare qu&rsquo;il supprimera imm\u00e9diatement tout contenu susceptible de contrevenir \u00e0 la l\u00e9gislation nationale ou internationale, aux bonnes m\u0153urs ou \u00e0 l&rsquo;ordre public, supprimera imm\u00e9diatement la redirection vers ce site web et informera les autorit\u00e9s comp\u00e9tentes du contenu en question.<br \/><strong>Le fournisseur n&rsquo;est pas responsable des informations et contenus stock\u00e9s, y compris, mais sans s&rsquo;y limiter, les forums, les salons de discussion, les g\u00e9n\u00e9rateurs de blogs, les commentaires, les r\u00e9seaux sociaux ou tout autre moyen permettant \u00e0 des tiers de publier du contenu de mani\u00e8re ind\u00e9pendante sur son site web. Cependant, et conform\u00e9ment aux dispositions des articles 11 et 16 de la LSSI-CE, le fournisseur se tient \u00e0 la disposition de tous les utilisateurs, des autorit\u00e9s et des forces de l&rsquo;ordre, et collabore activement \u00e0 la suppression ou, le cas \u00e9ch\u00e9ant, au blocage de tout contenu susceptible d&rsquo;affecter ou de violer la l\u00e9gislation nationale ou internationale, les droits des tiers, les bonnes m\u0153urs et l&rsquo;ordre public. Si l&rsquo;utilisateur estime que du contenu sur le site web pourrait \u00eatre class\u00e9 comme tel, il est pri\u00e9 d&rsquo;en informer imm\u00e9diatement l&rsquo;administrateur du site.<\/strong><br \/>Ce site web a \u00e9t\u00e9 v\u00e9rifi\u00e9 et test\u00e9 afin de garantir son bon fonctionnement. Son bon fonctionnement est en principe garanti 365 jours par an, 24 heures sur 24. Cependant, le fournisseur n&rsquo;exclut pas la possibilit\u00e9 de certaines erreurs de programmation, de cas de force majeure, de catastrophes naturelles, de gr\u00e8ves ou de circonstances similaires rendant l&rsquo;acc\u00e8s au site impossible.<\/p>\n<p><strong>Protection des donn\u00e9es personnelles<\/strong><\/p>\n<p>Le prestataire s&rsquo;engage \u00e0 respecter la r\u00e9glementation espagnole relative \u00e0 la protection des donn\u00e9es personnelles et garantit le plein respect des obligations qui y sont \u00e9nonc\u00e9es, ainsi que la mise en \u0153uvre des mesures de s\u00e9curit\u00e9 pr\u00e9vues \u00e0 l&rsquo;article 9 de la loi 15\/1999 relative \u00e0 la protection des donn\u00e9es personnelles (LOPD) et \u00e0 son r\u00e8glement d&rsquo;application.<br \/>Le prestataire met \u00e0 la disposition des utilisateurs la politique de confidentialit\u00e9, les informant des points suivants\u00a0:<\/p>\n<p>Donn\u00e9es du responsable du traitement\u00a0;<br \/>Donn\u00e9es trait\u00e9es\u00a0;<br \/>Fichier dans lequel elles sont stock\u00e9es\u00a0;<br \/>Finalit\u00e9 du traitement\u00a0;<br \/>Obligation ou non de fournir ces donn\u00e9es, ainsi que les cons\u00e9quences de leur non-fourniture\u00a0;<br \/>Droits dont disposent tous les utilisateurs et proc\u00e9dure pour les exercer.<\/p>\n<p><strong>Propri\u00e9t\u00e9 intellectuelle et industrielle<\/strong><\/p>\n<p>Le site web, y compris, mais sans s&rsquo;y limiter, sa programmation, son \u00e9dition, sa compilation et les autres \u00e9l\u00e9ments n\u00e9cessaires \u00e0 son fonctionnement, ainsi que ses designs, logos, textes et\/ou graphiques, sont la propri\u00e9t\u00e9 du fournisseur ou, le cas \u00e9ch\u00e9ant, sont conc\u00e9d\u00e9s sous licence ou express\u00e9ment autoris\u00e9s par les auteurs. L&rsquo;ensemble du contenu du site web est d\u00fbment prot\u00e9g\u00e9 par la r\u00e9glementation sur la propri\u00e9t\u00e9 intellectuelle et industrielle et inscrit aux registres publics correspondants.<br \/>Quel que soit le but recherch\u00e9, toute reproduction, utilisation, exploitation, distribution et commercialisation, totale ou partielle, n\u00e9cessite toujours l&rsquo;autorisation \u00e9crite pr\u00e9alable du fournisseur. Toute utilisation non autoris\u00e9e par le fournisseur sera consid\u00e9r\u00e9e comme une violation grave des droits de propri\u00e9t\u00e9 intellectuelle ou industrielle de l&rsquo;auteur.<br \/>Les dessins, logos, textes et\/ou \u00e9l\u00e9ments graphiques n&rsquo;appartenant pas au Fournisseur et susceptibles d&rsquo;appara\u00eetre sur le site web appartiennent \u00e0 leurs propri\u00e9taires respectifs, qui sont responsables de tout litige les concernant. Dans tous les cas, le Fournisseur dispose de leur autorisation pr\u00e9alable expresse. Le Fournisseur reconna\u00eet les droits de propri\u00e9t\u00e9 industrielle et industrielle correspondants \u00e0 leurs propri\u00e9taires. Leur simple mention ou apparition sur le site web n&rsquo;implique aucun droit ou responsabilit\u00e9 du Fournisseur sur ces \u00e9l\u00e9ments, ni aucune approbation, parrainage ou recommandation de sa part. Pour toute observation concernant d&rsquo;\u00e9ventuelles violations des droits de propri\u00e9t\u00e9 intellectuelle ou industrielle, ainsi que du contenu du site web, vous pouvez nous contacter par e-mail \u00e0 l&rsquo;adresse suivante.<\/p>\n<p><strong>Droit applicable et juridiction comp\u00e9tente<\/strong><\/p>\n<p>Pour la r\u00e9solution de tout litige ou probl\u00e8me relatif \u00e0 ce site web ou aux activit\u00e9s qui y sont men\u00e9es, le droit espagnol sera applicable, auquel les parties se soumettent express\u00e9ment. Les tribunaux  seront comp\u00e9tents pour r\u00e9soudre tout conflit d\u00e9coulant de son utilisation.<\/p>\n\t\t\t\t\t\t\t\t<\/div>\n\t\t\t\t<\/div>\n\t\t\t\t\t<\/div>\n\t\t\t\t<\/div>\n\t\t\t\t<\/div>\n\t\t","protected":false},"excerpt":{"rendered":"<p>MENTIONS L\u00c9GALES Raison sociale\u00a0: Rural Hermanos Gomis SLNom commercial\u00a0: Naranjas RicoSi\u00e8ge social\u00a0: Carretera Favara 35, 46400 Cullera (Valence)Num\u00e9ro d\u2019identification fiscale\u00a0: B72733306 T\u00e9l\u00e9phone\u00a0: 600662837Courriel\u00a0: rico@naranjasrico.comNom de domaine\u00a0: naranjasrico.com OBJET Le prestataire, responsable du site web, met \u00e0 la disposition des utilisateurs ce document afin de se conformer aux obligations pr\u00e9vues par la loi n\u00b0\u00a034\/2002 relative aux [&hellip;]<\/p>\n","protected":false},"author":1,"featured_media":0,"parent":0,"menu_order":0,"comment_status":"closed","ping_status":"closed","template":"elementor_header_footer","meta":{"footnotes":""},"class_list":["post-863","page","type-page","status-publish","hentry"],"_links":{"self":[{"href":"https:\/\/naranjasrico.com\/fr\/wp-json\/wp\/v2\/pages\/863","targetHints":{"allow":["GET"]}}],"collection":[{"href":"https:\/\/naranjasrico.com\/fr\/wp-json\/wp\/v2\/pages"}],"about":[{"href":"https:\/\/naranjasrico.com\/fr\/wp-json\/wp\/v2\/types\/page"}],"author":[{"embeddable":true,"href":"https:\/\/naranjasrico.com\/fr\/wp-json\/wp\/v2\/users\/1"}],"replies":[{"embeddable":true,"href":"https:\/\/naranjasrico.com\/fr\/wp-json\/wp\/v2\/comments?post=863"}],"version-history":[{"count":1,"href":"https:\/\/naranjasrico.com\/fr\/wp-json\/wp\/v2\/pages\/863\/revisions"}],"predecessor-version":[{"id":864,"href":"https:\/\/naranjasrico.com\/fr\/wp-json\/wp\/v2\/pages\/863\/revisions\/864"}],"wp:attachment":[{"href":"https:\/\/naranjasrico.com\/fr\/wp-json\/wp\/v2\/media?parent=863"}],"curies":[{"name":"wp","href":"https:\/\/api.w.org\/{rel}","templated":true}]}}