{"id":869,"date":"2025-09-03T10:20:02","date_gmt":"2025-09-03T10:20:02","guid":{"rendered":"https:\/\/ecstatic-swirles.31-170-100-185.plesk.page\/conditions-dutilisation-et-dachat\/"},"modified":"2025-09-22T08:28:18","modified_gmt":"2025-09-22T08:28:18","slug":"conditions-dutilisation-et-dachat","status":"publish","type":"page","link":"https:\/\/naranjasrico.com\/fr\/conditions-dutilisation-et-dachat\/","title":{"rendered":"Conditions d\u2019utilisation et d\u2019achat"},"content":{"rendered":"\t\t<div data-elementor-type=\"wp-page\" data-elementor-id=\"869\" class=\"elementor elementor-869 elementor-398\" data-elementor-post-type=\"page\">\n\t\t\t\t<div class=\"elementor-element elementor-element-9232180 e-flex e-con-boxed e-con e-parent\" data-id=\"9232180\" data-element_type=\"container\" data-settings=\"{&quot;background_background&quot;:&quot;classic&quot;}\">\n\t\t\t\t\t<div class=\"e-con-inner\">\n\t\t\t\t<div class=\"elementor-element elementor-element-dd47919 elementor-widget elementor-widget-heading\" data-id=\"dd47919\" data-element_type=\"widget\" data-widget_type=\"heading.default\">\n\t\t\t\t<div class=\"elementor-widget-container\">\n\t\t\t\t\t<h1 class=\"elementor-heading-title elementor-size-default\">Conditions d\u2019utilisation et d\u2019achat<\/h1>\t\t\t\t<\/div>\n\t\t\t\t<\/div>\n\t\t\t\t\t<\/div>\n\t\t\t\t<\/div>\n\t\t<div class=\"elementor-element elementor-element-7c3b231e e-flex e-con-boxed e-con e-parent\" data-id=\"7c3b231e\" data-element_type=\"container\">\n\t\t\t\t\t<div class=\"e-con-inner\">\n\t\t\t\t<div class=\"elementor-element elementor-element-52b28d2e elementor-widget elementor-widget-text-editor\" data-id=\"52b28d2e\" data-element_type=\"widget\" data-widget_type=\"text-editor.default\">\n\t\t\t\t<div class=\"elementor-widget-container\">\n\t\t\t\t\t\t\t\t\t\n<p>Veuillez noter qu\u2019avant de commencer \u00e0 utiliser l\u2019un de nos services ou fonctionnalit\u00e9s, vous devez lire attentivement la pr\u00e9sente Politique de Confidentialit\u00e9 ainsi que la section sp\u00e9cifique sur les Conditions d\u2019utilisation et d\u2019achat correspondante. L\u2019utilisateur garantit que les Donn\u00e9es Personnelles fournies sont v\u00e9ridiques et exactes et s\u2019engage \u00e0 notifier toute modification. Si vous nous fournissez des Donn\u00e9es Personnelles de tiers, vous \u00eates responsable de les avoir inform\u00e9s et d\u2019avoir obtenu leu&#8230;\n<p>Les responsables du traitement s\u2019engagent \u00e0 respecter la confidentialit\u00e9 de vos Donn\u00e9es Personnelles et \u00e0 garantir l\u2019exercice de vos droits. En utilisant ce site web ou en passant une commande, vous acceptez d\u2019\u00eatre li\u00e9 par ces Conditions et par nos Politiques de Protection des Donn\u00e9es. Les informations ou donn\u00e9es personnelles que vous nous fournissez seront trait\u00e9es conform\u00e9ment \u00e0 nos Politiques de Protection des Donn\u00e9es.<br \/>Vous acceptez \u00e9galement que nous puissions utiliser ces informations pour v&#8230;\n<p>Les pays dans lesquels nous exp\u00e9dions nos produits sont : Espagne, France, Belgique, Allemagne, Autriche, Pays-Bas, Italie, Luxembourg et Royaume-Uni.<\/p>\n<p>Pour les exp\u00e9ditions en Espagne, <strong>les oranges seront r\u00e9colt\u00e9es le matin suivant la passation de votre commande<\/strong> (sauf les commandes effectu\u00e9es le jeudi, vendredi et samedi, qui seront r\u00e9colt\u00e9es le lundi suivant) et envoy\u00e9es imm\u00e9diatement. Pour les exp\u00e9ditions en Europe, les oranges seront r\u00e9colt\u00e9es le lundi matin et envoy\u00e9es imm\u00e9diatement.<br \/>Les d\u00e9lais de livraison estim\u00e9s sont les suivants :<br \/>&#8211; Un \u00e0 deux jours ouvrables pour l\u2019Espagne<br \/>&#8211; Trois \u00e0 quatre jours ouvrables pour la Fr&#8230;\n<p>Si, pour des raisons m\u00e9t\u00e9orologiques, les oranges ne peuvent pas \u00eatre r\u00e9colt\u00e9es \u00e0 la date pr\u00e9vue, elles seront r\u00e9colt\u00e9es d\u00e8s que les conditions le permettront, le premier jour ouvrable. Nous vous informerons par e-mail de tout retard de livraison. Le transporteur vous contactera par t\u00e9l\u00e9phone si la livraison \u00e0 l\u2019adresse indiqu\u00e9e est impossible, afin de convenir d\u2019un autre cr\u00e9neau.<\/p>\n<p>Si vous recevez une commande en mauvais \u00e9tat, veuillez l\u2019indiquer sur le bon de livraison, prendre des photos e&#8230;\n<p>Le prix des produits sera factur\u00e9 au moment o\u00f9 vous cliquez sur \u201cPayer\u201d. Pour ce paiement, il vous sera demand\u00e9 un moyen de paiement valide, tel qu\u2019une carte bancaire, un pr\u00e9l\u00e8vement bancaire ou Paypal (dans certains cas).<\/p>\n<p>En cliquant sur \u201cPayer\u201d, vous confirmez que la carte de cr\u00e9dit ou le compte bancaire indiqu\u00e9 vous appartient ou que vous en \u00eates le l\u00e9gitime titulaire. Afin de minimiser le risque d\u2019acc\u00e8s non autoris\u00e9, vos donn\u00e9es de carte bancaire et IBAN seront crypt\u00e9es. Les cartes bancair&#8230;\n\t\t\t\t\t\t\t\t<\/div>\n\t\t\t\t<\/div>\n\t\t\t\t\t<\/div>\n\t\t\t\t<\/div>\n\t\t\t\t<\/div>\n\t\t","protected":false},"excerpt":{"rendered":"<p>Veuillez noter qu\u2019avant de commencer \u00e0 utiliser l\u2019un de nos services ou fonctionnalit\u00e9s, vous devez lire attentivement la pr\u00e9sente Politique de Confidentialit\u00e9 ainsi que la section sp\u00e9cifique sur les Conditions d\u2019utilisation et d\u2019achat correspondante. L\u2019utilisateur garantit que les Donn\u00e9es Personnelles fournies sont v\u00e9ridiques et exactes et s\u2019engage \u00e0 notifier toute modification. Si vous nous fournissez [&hellip;]<\/p>\n","protected":false},"author":1,"featured_media":0,"parent":0,"menu_order":0,"comment_status":"closed","ping_status":"closed","template":"elementor_header_footer","meta":{"footnotes":""},"class_list":["post-869","page","type-page","status-publish","hentry"],"_links":{"self":[{"href":"https:\/\/naranjasrico.com\/fr\/wp-json\/wp\/v2\/pages\/869","targetHints":{"allow":["GET"]}}],"collection":[{"href":"https:\/\/naranjasrico.com\/fr\/wp-json\/wp\/v2\/pages"}],"about":[{"href":"https:\/\/naranjasrico.com\/fr\/wp-json\/wp\/v2\/types\/page"}],"author":[{"embeddable":true,"href":"https:\/\/naranjasrico.com\/fr\/wp-json\/wp\/v2\/users\/1"}],"replies":[{"embeddable":true,"href":"https:\/\/naranjasrico.com\/fr\/wp-json\/wp\/v2\/comments?post=869"}],"version-history":[{"count":1,"href":"https:\/\/naranjasrico.com\/fr\/wp-json\/wp\/v2\/pages\/869\/revisions"}],"predecessor-version":[{"id":870,"href":"https:\/\/naranjasrico.com\/fr\/wp-json\/wp\/v2\/pages\/869\/revisions\/870"}],"wp:attachment":[{"href":"https:\/\/naranjasrico.com\/fr\/wp-json\/wp\/v2\/media?parent=869"}],"curies":[{"name":"wp","href":"https:\/\/api.w.org\/{rel}","templated":true}]}}