{"id":910,"date":"2025-09-12T09:27:52","date_gmt":"2025-09-12T09:27:52","guid":{"rendered":"https:\/\/ecstatic-swirles.31-170-100-185.plesk.page\/cookies\/"},"modified":"2025-11-14T13:01:45","modified_gmt":"2025-11-14T13:01:45","slug":"cookies","status":"publish","type":"page","link":"https:\/\/naranjasrico.com\/fr\/cookies\/","title":{"rendered":"Cookies"},"content":{"rendered":"\t\t<div data-elementor-type=\"wp-page\" data-elementor-id=\"910\" class=\"elementor elementor-910 elementor-607\" data-elementor-post-type=\"page\">\n\t\t\t\t<div class=\"elementor-element elementor-element-d89bae3 e-flex e-con-boxed e-con e-parent\" data-id=\"d89bae3\" data-element_type=\"container\" data-settings=\"{&quot;background_background&quot;:&quot;classic&quot;}\">\n\t\t\t\t\t<div class=\"e-con-inner\">\n\t\t\t\t<div class=\"elementor-element elementor-element-c1dac89 elementor-widget elementor-widget-heading\" data-id=\"c1dac89\" data-element_type=\"widget\" data-widget_type=\"heading.default\">\n\t\t\t\t<div class=\"elementor-widget-container\">\n\t\t\t\t\t<h1 class=\"elementor-heading-title elementor-size-default\">Cookies<\/h1>\t\t\t\t<\/div>\n\t\t\t\t<\/div>\n\t\t\t\t\t<\/div>\n\t\t\t\t<\/div>\n\t\t<div class=\"elementor-element elementor-element-0aa6fd4 e-flex e-con-boxed e-con e-parent\" data-id=\"0aa6fd4\" data-element_type=\"container\">\n\t\t\t\t\t<div class=\"e-con-inner\">\n\t\t\t\t<div class=\"elementor-element elementor-element-852aa70 elementor-widget elementor-widget-text-editor\" data-id=\"852aa70\" data-element_type=\"widget\" data-widget_type=\"text-editor.default\">\n\t\t\t\t<div class=\"elementor-widget-container\">\n\t\t\t\t\t\t\t\t\t<p><strong>Utilisation des cookies et journaux d&rsquo;activit\u00e9<\/strong><\/p><p>Le <strong>fournisseur<\/strong>, de sa propre initiative ou par l&rsquo;interm\u00e9diaire d&rsquo;un tiers mandat\u00e9 pour fournir des services de mesure, peut utiliser des cookies lorsqu&rsquo;un utilisateur navigue sur le site web. Les cookies sont des fichiers envoy\u00e9s au navigateur par un serveur web pour enregistrer l&rsquo;activit\u00e9 de l&rsquo;utilisateur pendant sa navigation.     <\/p><p><strong>ADRESSES IP<\/strong><\/p><p>Les serveurs du site web peuvent d\u00e9tecter automatiquement l&rsquo;adresse IP et le nom de domaine utilis\u00e9s par l&rsquo;utilisateur. Une adresse IP est un num\u00e9ro automatiquement attribu\u00e9 \u00e0 un ordinateur lorsqu&rsquo;il se connecte \u00e0 Internet. Toutes ces informations sont enregistr\u00e9es dans un fichier d&rsquo;activit\u00e9 du serveur d\u00fbment enregistr\u00e9, ce qui permet un traitement ult\u00e9rieur des donn\u00e9es pour obtenir des mesures purement statistiques nous permettant de conna\u00eetre le nombre d&rsquo;impressions de pages, le nombre de visites effectu\u00e9es sur les services web, l&rsquo;ordre des visites, le point d&rsquo;acc\u00e8s, etc.  <\/p><p><strong>S\u00c9CURIT\u00c9<\/strong><\/p><p>Le site web utilise des techniques de s\u00e9curit\u00e9 informatique reconnues par le secteur, telles que des pare-feu, des proc\u00e9dures de contr\u00f4le d&rsquo;acc\u00e8s et des m\u00e9canismes cryptographiques, afin d&#8217;emp\u00eacher tout acc\u00e8s non autoris\u00e9 aux donn\u00e9es. \u00c0 cette fin, l&rsquo;utilisateur\/client accepte que le fournisseur puisse obtenir des donn\u00e9es aux fins de l&rsquo;authentification du contr\u00f4le d&rsquo;acc\u00e8s correspondant. Tout processus contractuel ou impliquant la saisie de donn\u00e9es personnelles hautement sensibles (sant\u00e9, id\u00e9ologie, etc.) sera toujours transmis via un protocole de communication s\u00e9curis\u00e9 (Https:\/\/, etc.), afin qu&rsquo;aucun tiers n&rsquo;ait acc\u00e8s aux informations transmises \u00e9lectroniquement. <\/p><p><\/p>\t\t\t\t\t\t\t\t<\/div>\n\t\t\t\t<\/div>\n\t\t\t\t\t<\/div>\n\t\t\t\t<\/div>\n\t\t\t\t<\/div>\n\t\t","protected":false},"excerpt":{"rendered":"<p>Utilisation des cookies et journaux d&rsquo;activit\u00e9 Le fournisseur, de sa propre initiative ou par l&rsquo;interm\u00e9diaire d&rsquo;un tiers mandat\u00e9 pour fournir des services de mesure, peut utiliser des cookies lorsqu&rsquo;un utilisateur navigue sur le site web. Les cookies sont des fichiers envoy\u00e9s au navigateur par un serveur web pour enregistrer l&rsquo;activit\u00e9 de l&rsquo;utilisateur pendant sa navigation. [&hellip;]<\/p>\n","protected":false},"author":1,"featured_media":0,"parent":0,"menu_order":0,"comment_status":"closed","ping_status":"closed","template":"elementor_header_footer","meta":{"footnotes":""},"class_list":["post-910","page","type-page","status-publish","hentry"],"_links":{"self":[{"href":"https:\/\/naranjasrico.com\/fr\/wp-json\/wp\/v2\/pages\/910","targetHints":{"allow":["GET"]}}],"collection":[{"href":"https:\/\/naranjasrico.com\/fr\/wp-json\/wp\/v2\/pages"}],"about":[{"href":"https:\/\/naranjasrico.com\/fr\/wp-json\/wp\/v2\/types\/page"}],"author":[{"embeddable":true,"href":"https:\/\/naranjasrico.com\/fr\/wp-json\/wp\/v2\/users\/1"}],"replies":[{"embeddable":true,"href":"https:\/\/naranjasrico.com\/fr\/wp-json\/wp\/v2\/comments?post=910"}],"version-history":[{"count":1,"href":"https:\/\/naranjasrico.com\/fr\/wp-json\/wp\/v2\/pages\/910\/revisions"}],"predecessor-version":[{"id":911,"href":"https:\/\/naranjasrico.com\/fr\/wp-json\/wp\/v2\/pages\/910\/revisions\/911"}],"wp:attachment":[{"href":"https:\/\/naranjasrico.com\/fr\/wp-json\/wp\/v2\/media?parent=910"}],"curies":[{"name":"wp","href":"https:\/\/api.w.org\/{rel}","templated":true}]}}