{"id":880,"date":"2025-09-01T10:17:14","date_gmt":"2025-09-01T10:17:14","guid":{"rendered":"https:\/\/ecstatic-swirles.31-170-100-185.plesk.page\/producto\/parrainez-un-demi-oranger-40kg-an\/"},"modified":"2025-09-26T11:57:44","modified_gmt":"2025-09-26T11:57:44","slug":"parrainez-un-demi-oranger-40kg-an","status":"publish","type":"product","link":"https:\/\/naranjasrico.com\/fr\/produit\/parrainez-un-demi-oranger-40kg-an\/","title":{"rendered":"Parrainez un demi oranger (40kg\/an)"},"content":{"rendered":"<div class=\"percent50\">\n<p>R\u00e9servez la r\u00e9colte d&rsquo;un <strong>demi-oranger<\/strong> pour la saison suivante, sans obligation de conservation. Chaque ann\u00e9e, vous choisissez de continuer \u00e0 entretenir votre arbre. Vous serez propri\u00e9taire des fruits de votre arbre. Vous ne paierez que les frais de transport et de r\u00e9colte pour vous faire parvenir les fruits \u00e0 domicile.  <\/p>\n<p><strong>&gt; Fonctionnement<\/strong><\/p>\n<div id=\"funcionamientoTxt\">\n<ul class=\"perso\">\n<li>R\u00e9servez un oranger \u00ab CROWD \u00bb et donnez-lui le nom de votre choix.<\/li>\n<li>Nous vous enverrons un certificat, pour vous ou la personne \u00e0 qui vous l&rsquo;offrez, accompagn\u00e9 de photos de votre arbre.<\/li>\n<li>Choisissez comment vous d\u00e9barrasser de vos 40 kg. Plusieurs options s&rsquo;offrent \u00e0 vous pour le poids et la fr\u00e9quence d&rsquo;exp\u00e9dition. Choisissez celle qui vous convient le mieux parmi celles propos\u00e9es au moment de l&rsquo;achat.  <\/li>\n<li>Vous pouvez \u00e9galement venir les r\u00e9cup\u00e9rer directement \u00e0 l&rsquo;arbre, sans frais de livraison, juste le carton. Un pr\u00e9avis est requis. <\/li>\n<li>\u00c0 la fin de chaque saison, vous choisissez de poursuivre ou non. Sans engagement. <\/li>\n<li>Nous actualiserons les frais de livraison en d\u00e9but de saison.<\/li>\n<\/ul>\n<p>&nbsp;<\/p>\n<\/div>\n<\/div>\n<div class=\"percent50\">\n<p><strong>&gt; Questions<\/strong><\/p>\n<div id=\"dudasTxt\">\n<ul class=\"perso\">\n<li>CADEAU : Vous pouvez envoyer votre r\u00e9colte \u00e0 l&rsquo;adresse de votre choix avec chaque envoi, accompagn\u00e9e d&rsquo;un message personnel. Vous pouvez \u00e9galement offrir un oranger. <\/li>\n<li>SAISON : Vous pouvez avoir des oranges disponibles tout au long de la saison, d&rsquo;octobre \u00e0 mars, selon la disponibilit\u00e9 des vari\u00e9t\u00e9s.<\/li>\n<li>R\u00c9COLTE : Vous pouvez les cueillir directement sur l&rsquo;arbre. Seul le prix de la caisse vous sera factur\u00e9. <\/li>\n<li>VISITE : Vous pouvez visiter votre oranger quand vous le souhaitez, en nous pr\u00e9venant \u00e0 l&rsquo;avance par e-mail ou WhatsApp afin que nous puissions vous accompagner.<\/li>\n<li>CUMUL : Si vous n&rsquo;utilisez pas vos 80 kilos pendant la saison, nous les cumulerons pour la saison suivante.<\/li>\n<li>NOM : Une fois que vous nous aurez envoy\u00e9 le nom choisi pour votre arbre, l&rsquo;ajout de la plaque prendra une semaine et nous vous enverrons une photo.<\/li>\n<li>\u00c2GE : Les jeunes orangers ont 5 ans. Ou les orangers en pleine production. <\/li>\n<\/ul>\n<\/div>\n<\/div>\n","protected":false},"excerpt":{"rendered":"<p>Vous pouvez commander des oranges d\u00e8s la premi\u00e8re ann\u00e9e de votre parrainage. Nous les fournirons de votre arbre ou d&rsquo;un autre arbre productif, si vous pr\u00e9f\u00e9rez. Vous pouvez m\u00eame commander des oranges du d\u00e9but de la saison (novembre) \u00e0 la fin (mars), en changeant de vari\u00e9t\u00e9, jusqu&rsquo;\u00e0 un total de<strong> 40 kg par an.<\/strong> <\/p>\n<p>&nbsp;<\/p>\n","protected":false},"featured_media":881,"template":"","meta":[],"product_brand":[],"product_cat":[44],"product_tag":[],"class_list":{"0":"post-880","1":"product","2":"type-product","3":"status-publish","4":"has-post-thumbnail","6":"product_cat-parrainez","8":"first","9":"instock","10":"shipping-taxable","11":"purchasable","12":"product-type-variable"},"_links":{"self":[{"href":"https:\/\/naranjasrico.com\/fr\/wp-json\/wp\/v2\/product\/880","targetHints":{"allow":["GET"]}}],"collection":[{"href":"https:\/\/naranjasrico.com\/fr\/wp-json\/wp\/v2\/product"}],"about":[{"href":"https:\/\/naranjasrico.com\/fr\/wp-json\/wp\/v2\/types\/product"}],"wp:featuredmedia":[{"embeddable":true,"href":"https:\/\/naranjasrico.com\/fr\/wp-json\/wp\/v2\/media\/881"}],"wp:attachment":[{"href":"https:\/\/naranjasrico.com\/fr\/wp-json\/wp\/v2\/media?parent=880"}],"wp:term":[{"taxonomy":"product_brand","embeddable":true,"href":"https:\/\/naranjasrico.com\/fr\/wp-json\/wp\/v2\/product_brand?post=880"},{"taxonomy":"product_cat","embeddable":true,"href":"https:\/\/naranjasrico.com\/fr\/wp-json\/wp\/v2\/product_cat?post=880"},{"taxonomy":"product_tag","embeddable":true,"href":"https:\/\/naranjasrico.com\/fr\/wp-json\/wp\/v2\/product_tag?post=880"}],"curies":[{"name":"wp","href":"https:\/\/api.w.org\/{rel}","templated":true}]}}