{"id":947,"date":"2025-07-09T10:55:23","date_gmt":"2025-07-09T10:55:23","guid":{"rendered":"https:\/\/ecstatic-swirles.31-170-100-185.plesk.page\/producto\/case-orange\/"},"modified":"2025-09-26T11:05:01","modified_gmt":"2025-09-26T11:05:01","slug":"case-orange","status":"publish","type":"product","link":"https:\/\/naranjasrico.com\/fr\/produit\/case-orange\/","title":{"rendered":"Case orange"},"content":{"rendered":"<p>Oranges Navelina cultiv\u00e9es avec amour dans nos champs. Elles m\u00fbrissent sur l&rsquo;arbre jusqu&rsquo;au jour de l&rsquo;exp\u00e9dition pour vous permettre de savourer leur authentique saveur. Nous les cueillons \u00e0 la main, une par une. Nous n&rsquo;appliquons ni cire ni traitement post-r\u00e9colte. Faciles \u00e0 peler et g\u00e9n\u00e9reusement juteuses, elles peuvent \u00eatre d\u00e9gust\u00e9es imm\u00e9diatement ou pr\u00e9par\u00e9es avec un d\u00e9licieux jus d&rsquo;orange. En r\u00e8gle g\u00e9n\u00e9rale, elles sont sans p\u00e9pins. La livraison est incluse dans le prix.       <\/p>\n<p><strong>Forme de culture<\/strong><\/p>\n<p>Cultiv\u00e9 naturellement sans pesticides ni herbicides, nous nous effor\u00e7ons de favoriser un \u00e9cosyst\u00e8me o\u00f9 r\u00e8gnent un \u00e9quilibre entre insectes et min\u00e9raux dans le sol. <\/p>\n<p><strong>P\u00e9riode de collecte et d&rsquo;exp\u00e9dition<\/strong><\/p>\n<p>Novembre-Mars<\/p>\n<p><strong>Quantit\u00e9 moyenne\/kg<\/strong><\/p>\n<p>Entre 4 et 7 oranges par kg<\/p>\n","protected":false},"excerpt":{"rendered":"<p><strong>Conservation<\/strong><\/p>\n<p>Environ 3 semaines si conserv\u00e9es dans un endroit frais, sec et bien ventil\u00e9. Les oranges sont cueillies et exp\u00e9di\u00e9es directement sans aucun traitement de conservation. Si certaines se g\u00e2tent, il est recommand\u00e9 de les conserver pour \u00e9viter leur propagation. <\/p>\n<p><strong>Conditionnement<\/strong><\/p>\n<p>Carton de 9, 14 ou 19 kg<\/p>\n","protected":false},"featured_media":950,"template":"","meta":[],"product_brand":[],"product_cat":[46],"product_tag":[],"class_list":{"0":"post-947","1":"product","2":"type-product","3":"status-publish","4":"has-post-thumbnail","6":"product_cat-cases","8":"first","9":"instock","10":"shipping-taxable","11":"purchasable","12":"product-type-variable"},"_links":{"self":[{"href":"https:\/\/naranjasrico.com\/fr\/wp-json\/wp\/v2\/product\/947","targetHints":{"allow":["GET"]}}],"collection":[{"href":"https:\/\/naranjasrico.com\/fr\/wp-json\/wp\/v2\/product"}],"about":[{"href":"https:\/\/naranjasrico.com\/fr\/wp-json\/wp\/v2\/types\/product"}],"wp:featuredmedia":[{"embeddable":true,"href":"https:\/\/naranjasrico.com\/fr\/wp-json\/wp\/v2\/media\/950"}],"wp:attachment":[{"href":"https:\/\/naranjasrico.com\/fr\/wp-json\/wp\/v2\/media?parent=947"}],"wp:term":[{"taxonomy":"product_brand","embeddable":true,"href":"https:\/\/naranjasrico.com\/fr\/wp-json\/wp\/v2\/product_brand?post=947"},{"taxonomy":"product_cat","embeddable":true,"href":"https:\/\/naranjasrico.com\/fr\/wp-json\/wp\/v2\/product_cat?post=947"},{"taxonomy":"product_tag","embeddable":true,"href":"https:\/\/naranjasrico.com\/fr\/wp-json\/wp\/v2\/product_tag?post=947"}],"curies":[{"name":"wp","href":"https:\/\/api.w.org\/{rel}","templated":true}]}}